{"id":230,"date":"2017-02-13T09:26:31","date_gmt":"2017-02-13T08:26:31","guid":{"rendered":"http:\/\/villa-lovorka.net\/hr\/?page_id=230"},"modified":"2024-04-16T20:55:28","modified_gmt":"2024-04-16T18:55:28","slug":"activities","status":"publish","type":"page","link":"https:\/\/villa-lovorka.net\/hr\/aktivnosti\/","title":{"rendered":"Aktivnosti"},"content":{"rendered":"<p><\/p>\n<h3>Aktivnosti<\/h3>\n<p>U\u017eivajte uz kulturno zabavni program na trgovima i ljetnim pozornicama Vodica, gdje nastupaju\u00a0 brojne dalmatinske klape, folklorni ansambli, estradni umjetnici, kazali\u0161ne dru\u017eine . Do\u017eivite pu\u010dke tradicionalne fe\u0161te, srijedom Klapske ve\u010deri, prikaze na\u0161ih starih obi\u010daja, vesele ribarske ve\u010deri.<\/p>\n<p>Vodice \u017eive kroz cijelu godinu i ve\u0107 tradicionalno obilje\u017eavamo No\u0107 muzeja u sije\u010dnju,\u00a0 doma\u0107ini smo Radijskog CMC festivala u lipnju,\u00a0 Jazz &amp; blues festivala u srpnju.<\/p>\n<p><a href=\"http:\/\/villa-lovorka.net\/wp-content\/uploads\/2018\/03\/RIBARSKA.jpg\" data-rel=\"lightbox-0\" title=\"\"><img loading=\"lazy\" class=\"aligncenter size-medium wp-image-683\" src=\"http:\/\/villa-lovorka.net\/wp-content\/uploads\/2018\/03\/RIBARSKA-300x225.jpg\" alt=\"\" width=\"300\" height=\"225\" srcset=\"https:\/\/villa-lovorka.net\/wp-content\/uploads\/2018\/03\/RIBARSKA-300x225.jpg 300w, https:\/\/villa-lovorka.net\/wp-content\/uploads\/2018\/03\/RIBARSKA-768x576.jpg 768w, https:\/\/villa-lovorka.net\/wp-content\/uploads\/2018\/03\/RIBARSKA-1024x768.jpg 1024w\" sizes=\"(max-width: 300px) 100vw, 300px\" \/><\/a><\/p>\n<p>Ako \u017eelite zabavu i uzbu\u0111enje uz aktivni odmor, nude se razne aktivnosti kao \u0161to su ronjenje, jedrenje, big game fishing, jet-ski, vodeni tobogan, padobrani \u2026<br \/>\nMo\u017eete zaigrati odbojku na pijesku, tenis, nogomet, rukomet, bo\u0107ati ili isprobati penjanje na umjetnoj stijeni.<br \/>\nMo\u017eete unajmljenim ili linijskim brodom potra\u017eiti uvalu u blizini, samo za sebe\u2026<br \/>\nBudite dio na\u0161e prirode, neka vam se probude sva osjetila\u2026.<\/p>\n<p>Drevne kale i kulturno povijesni spomenici pri\u010daju vodi\u010dku pri\u010du staru \u0161est stotina godina, a vodi\u010dka polja kriju ostatke iz doba Rimljana, Ilira i Turaka, pozivamo vas da upoznate i na\u0161u kulturnu ba\u0161tinu.<br \/>\nNedaleko,\u00a0 u zale\u0111u,\u00a0 postoje kilometri raznolikih pje\u0161a\u010dkih i biciklisti\u010dkih staza za sva\u010dije mogu\u0107nosti &#8211; za rekreativce i za prave zaljubljenike u biciklizam. Sve staze su ozna\u010dene vrlo jasnom signalizacijom. Postoje i vo\u0111ene tematske\u00a0 ture za bicikliste.\u00a0 Nau\u010dite ne\u0161to novo, priu\u0161tite si ne\u0161to dobro za svoje zdravlje.<\/p>","protected":false},"excerpt":{"rendered":"<p>Aktivnosti U\u017eivajte uz kulturno zabavni program na trgovima i ljetnim pozornicama Vodica, gdje nastupaju\u00a0 brojne dalmatinske klape, folklorni ansambli, estradni umjetnici, kazali\u0161ne dru\u017eine . Do\u017eivite pu\u010dke tradicionalne fe\u0161te, srijedom Klapske ve\u010deri, prikaze na\u0161ih starih obi\u010daja, vesele ribarske ve\u010deri. Vodice \u017eive kroz cijelu godinu i ve\u0107 tradicionalno obilje\u017eavamo No\u0107 muzeja u sije\u010dnju,\u00a0 doma\u0107ini smo Radijskog CMC [&hellip;]<\/p>\n","protected":false},"author":1,"featured_media":0,"parent":0,"menu_order":0,"comment_status":"closed","ping_status":"closed","template":"page-fullwidth.php","meta":[],"_links":{"self":[{"href":"https:\/\/villa-lovorka.net\/hr\/wp-json\/wp\/v2\/pages\/230"}],"collection":[{"href":"https:\/\/villa-lovorka.net\/hr\/wp-json\/wp\/v2\/pages"}],"about":[{"href":"https:\/\/villa-lovorka.net\/hr\/wp-json\/wp\/v2\/types\/page"}],"author":[{"embeddable":true,"href":"https:\/\/villa-lovorka.net\/hr\/wp-json\/wp\/v2\/users\/1"}],"replies":[{"embeddable":true,"href":"https:\/\/villa-lovorka.net\/hr\/wp-json\/wp\/v2\/comments?post=230"}],"version-history":[{"count":43,"href":"https:\/\/villa-lovorka.net\/hr\/wp-json\/wp\/v2\/pages\/230\/revisions"}],"predecessor-version":[{"id":970,"href":"https:\/\/villa-lovorka.net\/hr\/wp-json\/wp\/v2\/pages\/230\/revisions\/970"}],"wp:attachment":[{"href":"https:\/\/villa-lovorka.net\/hr\/wp-json\/wp\/v2\/media?parent=230"}],"curies":[{"name":"wp","href":"https:\/\/api.w.org\/{rel}","templated":true}]}}