{"id":228,"date":"2017-02-13T09:26:14","date_gmt":"2017-02-13T08:26:14","guid":{"rendered":"http:\/\/villa-lovorka.net\/hr\/?page_id=228"},"modified":"2025-02-06T16:30:22","modified_gmt":"2025-02-06T15:30:22","slug":"environment","status":"publish","type":"page","link":"https:\/\/villa-lovorka.net\/hr\/okolis\/","title":{"rendered":"Okolica"},"content":{"rendered":"<p><\/p>\n<h2><span style=\"color: #993300;\">Okolica<\/span><\/h2>\n<p>&nbsp;<\/p>\n<p>Otok Prvi\u0107 <a href=\"http:\/\/villa-lovorka.net\/wp-content\/uploads\/2018\/03\/PRVI\u0106-3.jpg\" data-rel=\"lightbox-0\" title=\"\"><img loading=\"lazy\" class=\"size-medium wp-image-660 alignright\" src=\"http:\/\/villa-lovorka.net\/wp-content\/uploads\/2018\/03\/PRVI\u0106-3-300x168.jpg\" alt=\"\" width=\"300\" height=\"168\" \/><\/a><\/p>\n<p><span lang=\"de-DE\">Otok<\/span> <span lang=\"de-DE\">Prvi<\/span>\u0107 <span lang=\"de-DE\">je<\/span> <span lang=\"de-DE\">jedan<\/span> <span lang=\"de-DE\">od<\/span> <span lang=\"de-DE\">naseljenih<\/span> <span lang=\"de-DE\">otoka<\/span> <span lang=\"de-DE\">u<\/span> <span lang=\"de-DE\">blizini<\/span> <span lang=\"de-DE\">Vodica<\/span>. <span lang=\"de-DE\">Dnevno<\/span> <span lang=\"de-DE\">je<\/span> <span lang=\"de-DE\">povezan<\/span> <span lang=\"de-DE\">brodom<\/span> <span lang=\"de-DE\">prema<\/span> <span lang=\"de-DE\">kopnu<\/span> (<span lang=\"de-DE\">Vodice<\/span> i \u0160ibenik). Cijeli je otok za\u0161ti\u0107ena kulturno-povijesna ba\u0161tina. Najpoznatiji stanovnik Prvi\u0107a iz pro\u0161losti \u2013 Faust Vran\u010di\u0107 (\u0160ibenik1551. \u2013 Venecija 1617.) proveo je svoje djetinjstvo na otoku. Kao znanstvenik, jezikoslovac i izumitelj bio je visokocijenjena osoba Evrope u svoje vrijeme. Danas se na otoku mo\u017ee posjetiti moderan Memorijalni centar Faust Vran\u010di\u0107, te upoznati \u017eivot i djelo jednog od najve\u0107ih hrvatskih izumitelja.<\/p>\n<p style=\"text-align: right;\"><a href=\"http:\/\/villa-lovorka.net\/wp-content\/uploads\/2017\/12\/sibenik.jpg\" data-rel=\"lightbox-1\" title=\"\"><img loading=\"lazy\" class=\"size-medium wp-image-638 alignleft\" src=\"http:\/\/villa-lovorka.net\/wp-content\/uploads\/2017\/12\/sibenik-300x225.jpg\" alt=\"\" width=\"300\" height=\"225\" srcset=\"https:\/\/villa-lovorka.net\/wp-content\/uploads\/2017\/12\/sibenik-300x225.jpg 300w, https:\/\/villa-lovorka.net\/wp-content\/uploads\/2017\/12\/sibenik-768x576.jpg 768w, https:\/\/villa-lovorka.net\/wp-content\/uploads\/2017\/12\/sibenik.jpg 1000w\" sizes=\"(max-width: 300px) 100vw, 300px\" \/><\/a>\u00a0 \u0160ibenik<\/p>\n<p style=\"text-align: right;\">\u0160<span lang=\"de-DE\">ibenik<\/span> <span lang=\"de-DE\">se<\/span> <span lang=\"de-DE\">prvi<\/span> <span lang=\"de-DE\">put<\/span> <span lang=\"de-DE\">spominje<\/span> <span lang=\"de-DE\">u<\/span> 11. <span lang=\"de-DE\">stolje\u0107u, u jednoj ispravi kralja Kre\u0161imira IV. Glavni simbol grada je Katedrala sv. Jakova, koja je radi svojih karakteristika 2000. god. upisana na UNESCO listu. Gradska vije\u0107nica, Muzej grada, mnogobrojne pala\u010de, \u010dak 24 crkve i 6 samostana na podru\u010dju grada, ne\u0107e vas ostaviti ravnodu\u0161nim. Prona\u0111ite svoj mir i opustite se \u0161etaju\u0107i starim, kamenim ulicama. Popnite se na jednu od 3 tvr\u0111ave s predivnim pogledom na \u0160ibenski kanal i tvr\u0111avu sv. Nikole, te cijeli arhipelag.<\/span><\/p>\n<p>&nbsp;<\/p>\n<p><span lang=\"en-US\"><a href=\"http:\/\/villa-lovorka.net\/wp-content\/uploads\/2018\/03\/SPLIT-1-1.jpg\" data-rel=\"lightbox-7\" title=\"\"><img loading=\"lazy\" class=\"size-medium wp-image-747 alignright\" src=\"http:\/\/villa-lovorka.net\/wp-content\/uploads\/2018\/03\/SPLIT-1-1-300x224.jpg\" alt=\"\" width=\"300\" height=\"224\" srcset=\"https:\/\/villa-lovorka.net\/wp-content\/uploads\/2018\/03\/SPLIT-1-1-300x224.jpg 300w, https:\/\/villa-lovorka.net\/wp-content\/uploads\/2018\/03\/SPLIT-1-1.jpg 758w\" sizes=\"(max-width: 300px) 100vw, 300px\" \/><\/a>\u00a0Split <\/span><\/p>\n<p>Split je najve\u0107i grad u Dalmaciji. Grad je bogate povijesne ba\u0161tine sa velikim brojem znamenitosti. Posebno Dioklecijanova pala\u010da (4.st.) koja je najve\u0107a i najbolje sa\u010duvanu kasnoanti\u010dka pala\u010da na svijetu. Jedinstven spomeni\u010dki kompleks koji jednostavno morate vidjeti na UNESCO-ovom je Popisu svjetske ba\u0161tine.<\/p>\n<p><a href=\"http:\/\/villa-lovorka.net\/wp-content\/uploads\/2018\/03\/ZADAR-MORSKE-ORGULJE.jpg\" data-rel=\"lightbox-2\" title=\"\"><img loading=\"lazy\" class=\"size-medium wp-image-748 alignleft\" src=\"http:\/\/villa-lovorka.net\/wp-content\/uploads\/2018\/03\/ZADAR-MORSKE-ORGULJE-300x225.jpg\" alt=\"\" width=\"300\" height=\"225\" \/><\/a>\u00a0Zadar<\/p>\n<p>Kao grad spomenik okru\u017een povijesnim zidinama, Zadar je prava riznica arheolo\u0161kog i spomeni\u010dkog blaga anti\u010dkog, srednjovjekovnog i renesansnog razdoblja, kao i brojnih suvremenih arhitektonskih ostvarenja poput Morskih orgulja.<\/p>\n<p><a href=\"http:\/\/villa-lovorka.net\/wp-content\/uploads\/2017\/12\/krka.jpg\" data-rel=\"lightbox-3\" title=\"\"><img loading=\"lazy\" class=\"size-medium wp-image-639 alignright\" src=\"http:\/\/villa-lovorka.net\/wp-content\/uploads\/2017\/12\/krka-300x225.jpg\" alt=\"\" width=\"300\" height=\"225\" srcset=\"https:\/\/villa-lovorka.net\/wp-content\/uploads\/2017\/12\/krka-300x225.jpg 300w, https:\/\/villa-lovorka.net\/wp-content\/uploads\/2017\/12\/krka-768x576.jpg 768w, https:\/\/villa-lovorka.net\/wp-content\/uploads\/2017\/12\/krka.jpg 1000w\" sizes=\"(max-width: 300px) 100vw, 300px\" \/><\/a>N.P. Krka<\/p>\n<p>Provedite jednodnevni izlet i do\u017eivite prirodu jedinstvene ljepote. Razgledajte slapove, jezera, edukativne staze, vidikovce, biljni i \u017eivotinjski svijet, kao i kulturno-povijesnu ba\u0161tinu.Tu su za vas razne pje\u0161a\u010dke i biciklisti\u010dka staze, posebno ozna\u010dena mjesta za kupanje, ugostiteljski objekti, suvenirnice, etno-prezentacije. Glavna atrakcija Nacionalnog parka Krka su 7 slapova sa sedrenim barijerama, jezerima i oto\u010do\u0107ima. Ispod jednog od njih, za mnoge i najljep\u0161eg &#8211; Skradinskog buka, smje\u0161tena je hidroelektrana Jaruga, druga najstarija hidroelektrana na svijetu i prva u Europi.<\/p>\n<p><a href=\"http:\/\/villa-lovorka.net\/wp-content\/uploads\/2017\/12\/Mala_proversa.jpg\" data-rel=\"lightbox-4\" title=\"\"><img loading=\"lazy\" class=\"size-medium wp-image-640 alignleft\" src=\"http:\/\/villa-lovorka.net\/wp-content\/uploads\/2017\/12\/Mala_proversa-300x200.jpg\" alt=\"\" width=\"300\" height=\"200\" srcset=\"https:\/\/villa-lovorka.net\/wp-content\/uploads\/2017\/12\/Mala_proversa-300x200.jpg 300w, https:\/\/villa-lovorka.net\/wp-content\/uploads\/2017\/12\/Mala_proversa-768x511.jpg 768w, https:\/\/villa-lovorka.net\/wp-content\/uploads\/2017\/12\/Mala_proversa.jpg 1000w\" sizes=\"(max-width: 300px) 100vw, 300px\" \/><\/a>N.P. Kornati<\/p>\n<p>Nacionalni park Kornati je sastavni dio grupe otoka \u201cKornati\u201c i najgu\u0161\u0107i arhipelag na Sredozemlju. Povr\u0161ina Nacionalnog parka je 220 kvadratnih kilometara, sastoji se od 89 otoka, oto\u010di\u0107a i hridi, okru\u017eenih predivnim plavim morem.<\/p>\n<p>&nbsp;<\/p>\n<p>&nbsp;<\/p>\n<p>Park prirode Vrana<\/p>\n<p>Najve\u0107e prirodno jezero i jedno od najve\u0107ih mo\u010dvarnih podru\u010dja u Hrvatskoj. Va\u017eno ornitolo\u0161ko podru\u010dje u Europi, gdje povremeno ili stalno boravi 256 vrsta ptica. Vransko jezero idealno je za promatranje ptica, ribolov, pje\u0161a\u010denje, biciklizam.<\/p>\n<p>&nbsp;<\/p>\n<p>&nbsp;<\/p>","protected":false},"excerpt":{"rendered":"<p>Okolica &nbsp; Otok Prvi\u0107 Otok Prvi\u0107 je jedan od naseljenih otoka u blizini Vodica. Dnevno je povezan brodom prema kopnu (Vodice i \u0160ibenik). Cijeli je otok za\u0161ti\u0107ena kulturno-povijesna ba\u0161tina. Najpoznatiji stanovnik Prvi\u0107a iz pro\u0161losti \u2013 Faust Vran\u010di\u0107 (\u0160ibenik1551. \u2013 Venecija 1617.) proveo je svoje djetinjstvo na otoku. Kao znanstvenik, jezikoslovac i izumitelj bio je visokocijenjena [&hellip;]<\/p>\n","protected":false},"author":1,"featured_media":0,"parent":0,"menu_order":0,"comment_status":"closed","ping_status":"closed","template":"page-fullwidth.php","meta":[],"_links":{"self":[{"href":"https:\/\/villa-lovorka.net\/hr\/wp-json\/wp\/v2\/pages\/228"}],"collection":[{"href":"https:\/\/villa-lovorka.net\/hr\/wp-json\/wp\/v2\/pages"}],"about":[{"href":"https:\/\/villa-lovorka.net\/hr\/wp-json\/wp\/v2\/types\/page"}],"author":[{"embeddable":true,"href":"https:\/\/villa-lovorka.net\/hr\/wp-json\/wp\/v2\/users\/1"}],"replies":[{"embeddable":true,"href":"https:\/\/villa-lovorka.net\/hr\/wp-json\/wp\/v2\/comments?post=228"}],"version-history":[{"count":75,"href":"https:\/\/villa-lovorka.net\/hr\/wp-json\/wp\/v2\/pages\/228\/revisions"}],"predecessor-version":[{"id":998,"href":"https:\/\/villa-lovorka.net\/hr\/wp-json\/wp\/v2\/pages\/228\/revisions\/998"}],"wp:attachment":[{"href":"https:\/\/villa-lovorka.net\/hr\/wp-json\/wp\/v2\/media?parent=228"}],"curies":[{"name":"wp","href":"https:\/\/api.w.org\/{rel}","templated":true}]}}