{"id":21,"date":"2017-01-16T22:33:15","date_gmt":"2017-01-16T21:33:15","guid":{"rendered":"http:\/\/www.ilstudio.hr\/lovorka\/?page_id=21"},"modified":"2025-03-31T00:04:21","modified_gmt":"2025-03-30T22:04:21","slug":"vodice","status":"publish","type":"page","link":"https:\/\/villa-lovorka.net\/hr\/vodice\/","title":{"rendered":"Vodice"},"content":{"rendered":"<p><\/p>\n<h1 style=\"text-align: center;\"><span style=\"color: #993300;\">Vodice<\/span><\/h1>\n<p style=\"text-align: center;\"><img loading=\"lazy\" class=\"aligncenter wp-image-617\" src=\"http:\/\/villa-lovorka.net\/wp-content\/uploads\/2017\/12\/vodica-nocu-300x94.jpg\" alt=\"\" width=\"421\" height=\"132\" srcset=\"https:\/\/villa-lovorka.net\/wp-content\/uploads\/2017\/12\/vodica-nocu-300x94.jpg 300w, https:\/\/villa-lovorka.net\/wp-content\/uploads\/2017\/12\/vodica-nocu-768x240.jpg 768w, https:\/\/villa-lovorka.net\/wp-content\/uploads\/2017\/12\/vodica-nocu.jpg 1000w\" sizes=\"(max-width: 421px) 100vw, 421px\" \/><\/p>\n<h3 style=\"text-align: center;\"><span style=\"color: #993300;\">\u017divi od turizma i za turizam!<\/span><\/h3>\n<p><span style=\"color: #993300;\">\u00a0Povijest Vodica<\/span><\/p>\n<div class=\"row\">\n<div class=\"smPhoto\">\n<p>Nastanak Vodica vezan je uz po\u010detak gradnje crkve sv. Kri\u017ea kraj dana\u0161njeg hotela Punta, 1402. godine.<br \/>\nVodice su po ne\u010demu bile fenomen: one su izvozile pitku vodu i to sve do kraja 19. stolje\u0107a. Uostalom, razvile su se upravo na ovome mjesto zahvaljuju\u0107i izvorima i bunarima. Danas su na glavnom gradskom trgu o\u010duvana dva bunara kao spomen na tradiciju i stare obi\u010daje. Bunar nije bilo samo mjesto gdje se dolazilo po pitku vodu i gdje se prala roba, ovdje su se odvijala sva dru\u0161tvena zbivanja, ovdje su se ra\u0111ale ljubavi i ugovarali brakovi, ovdje se vodilo kolo i pjevala pjesma, ovdje se sastajalo i rastajalo, smijalo i plakalo.<\/p>\n<p><a href=\"http:\/\/villa-lovorka.net\/wp-content\/uploads\/2018\/03\/VODICE-VELIKI-I-MALI-PORAT-ACI-MARINA.jpg\" data-rel=\"lightbox-1\" title=\"\"><img loading=\"lazy\" class=\"wp-image-654 alignright\" src=\"http:\/\/villa-lovorka.net\/wp-content\/uploads\/2018\/03\/VODICE-VELIKI-I-MALI-PORAT-ACI-MARINA-300x225.jpg\" alt=\"\" width=\"345\" height=\"259\" srcset=\"https:\/\/villa-lovorka.net\/wp-content\/uploads\/2018\/03\/VODICE-VELIKI-I-MALI-PORAT-ACI-MARINA-300x225.jpg 300w, https:\/\/villa-lovorka.net\/wp-content\/uploads\/2018\/03\/VODICE-VELIKI-I-MALI-PORAT-ACI-MARINA-768x576.jpg 768w, https:\/\/villa-lovorka.net\/wp-content\/uploads\/2018\/03\/VODICE-VELIKI-I-MALI-PORAT-ACI-MARINA-1024x768.jpg 1024w\" sizes=\"(max-width: 345px) 100vw, 345px\" \/><\/a>\u00a0Danas su Vodice poznati turisti\u010dki centar, jedan od najpoznatijih na srednjem dijelu Jadrana. I to ne slu\u010dajno jer Vodice su se odlu\u010dile za turizam ve\u0107 prije punih 60 godina.<\/p>\n<\/div>\n<\/div>\n<div class=\"span8\">\n<p><span style=\"color: #993300;\">Polo\u017eaj i klima <\/span><\/p>\n<p>Vodice su turisti\u010dko sredi\u0161te, poznato po svojoj \u017eivosti, raznolikosti turisti\u010dke ponude i ljubaznim doma\u0107inima. Smje\u0161tene su na obali, u \u0161irokom zaljevu, 11 km sjeverozapadno od \u0160ibenika, centra \u0160ibensko-kninske \u017eupanije. <span class=\"HwtZe\" lang=\"hr\"><span class=\"jCAhz ChMk0b\"><span class=\"ryNqvb\">Udaljenost od autoceste je 11 km, udaljenost od zra\u010dne luke Zadar i Splita manje od sat vremena vo\u017enje.<\/span><\/span><\/span><\/p>\n<p>Vodice danas broje 10.000 stanovnika i idealno su mjesto za odmor gdje \u0107e svatko prona\u0107i ne\u0161to za sebe.<\/p>\n<p>Zimska temperatura kre\u0107e se od od -1\u00b0 do +17\u00b0 C. Ljetne se temperature kre\u0107u od +22\u00b0 do +32\u00b0 C. S prosje\u010dno 2.600 sun\u010danih sati u godini, Vodice je jedno od najsun\u010danijih mjesta na Sredozemlju.<\/p>\n<\/div>\n<h3><\/h3>\n<p>&nbsp;<\/p>\n<p>\n\t\t<style type=\"text\/css\">\n\t\t\t#gallery-2 {\n\t\t\t\tmargin: auto;\n\t\t\t}\n\t\t\t#gallery-2 .gallery-item {\n\t\t\t\tfloat: left;\n\t\t\t\tmargin-top: 10px;\n\t\t\t\ttext-align: center;\n\t\t\t\twidth: 25%;\n\t\t\t}\n\t\t\t#gallery-2 img {\n\t\t\t\tborder: 2px solid #cfcfcf;\n\t\t\t}\n\t\t\t#gallery-2 .gallery-caption {\n\t\t\t\tmargin-left: 0;\n\t\t\t}\n\t\t\t\/* see gallery_shortcode() in wp-includes\/media.php *\/\n\t\t<\/style>\n\t\t<div id='gallery-2' class='gallery galleryid-21 gallery-columns-4 gallery-size-thumbnail'><dl class='gallery-item'>\n\t\t\t<dt class='gallery-icon landscape'>\n\t\t\t\t<a href='https:\/\/villa-lovorka.net\/wp-content\/uploads\/2017\/12\/crkvica.jpg' data-rel=\"lightbox-gallery-2\"><img width=\"290\" height=\"175\" src=\"https:\/\/villa-lovorka.net\/wp-content\/uploads\/2017\/12\/crkvica-290x175.jpg\" class=\"attachment-thumbnail size-thumbnail\" alt=\"\" loading=\"lazy\" \/><\/a>\n\t\t\t<\/dt><\/dl><dl class='gallery-item'>\n\t\t\t<dt class='gallery-icon landscape'>\n\t\t\t\t<a href='https:\/\/villa-lovorka.net\/wp-content\/uploads\/2017\/12\/vodice-1.jpg' data-rel=\"lightbox-gallery-2\"><img width=\"290\" height=\"175\" src=\"https:\/\/villa-lovorka.net\/wp-content\/uploads\/2017\/12\/vodice-1-290x175.jpg\" class=\"attachment-thumbnail size-thumbnail\" alt=\"\" loading=\"lazy\" \/><\/a>\n\t\t\t<\/dt><\/dl><dl class='gallery-item'>\n\t\t\t<dt class='gallery-icon landscape'>\n\t\t\t\t<a href='https:\/\/villa-lovorka.net\/wp-content\/uploads\/2017\/12\/vodice-2.jpg' data-rel=\"lightbox-gallery-2\"><img width=\"290\" height=\"175\" src=\"https:\/\/villa-lovorka.net\/wp-content\/uploads\/2017\/12\/vodice-2-290x175.jpg\" class=\"attachment-thumbnail size-thumbnail\" alt=\"\" loading=\"lazy\" \/><\/a>\n\t\t\t<\/dt><\/dl><dl class='gallery-item'>\n\t\t\t<dt class='gallery-icon landscape'>\n\t\t\t\t<a href='https:\/\/villa-lovorka.net\/wp-content\/uploads\/2017\/12\/vodice-riva.jpg' data-rel=\"lightbox-gallery-2\"><img width=\"290\" height=\"175\" src=\"https:\/\/villa-lovorka.net\/wp-content\/uploads\/2017\/12\/vodice-riva-290x175.jpg\" class=\"attachment-thumbnail size-thumbnail\" alt=\"\" loading=\"lazy\" \/><\/a>\n\t\t\t<\/dt><\/dl><br style=\"clear: both\" \/>\n\t\t<\/div>\n<\/p>","protected":false},"excerpt":{"rendered":"<p>Vodice \u017divi od turizma i za turizam! \u00a0Povijest Vodica Nastanak Vodica vezan je uz po\u010detak gradnje crkve sv. Kri\u017ea kraj dana\u0161njeg hotela Punta, 1402. godine. Vodice su po ne\u010demu bile fenomen: one su izvozile pitku vodu i to sve do kraja 19. stolje\u0107a. Uostalom, razvile su se upravo na ovome mjesto zahvaljuju\u0107i izvorima i bunarima. [&hellip;]<\/p>\n","protected":false},"author":1,"featured_media":393,"parent":0,"menu_order":0,"comment_status":"closed","ping_status":"closed","template":"page-fullwidth.php","meta":[],"_links":{"self":[{"href":"https:\/\/villa-lovorka.net\/hr\/wp-json\/wp\/v2\/pages\/21"}],"collection":[{"href":"https:\/\/villa-lovorka.net\/hr\/wp-json\/wp\/v2\/pages"}],"about":[{"href":"https:\/\/villa-lovorka.net\/hr\/wp-json\/wp\/v2\/types\/page"}],"author":[{"embeddable":true,"href":"https:\/\/villa-lovorka.net\/hr\/wp-json\/wp\/v2\/users\/1"}],"replies":[{"embeddable":true,"href":"https:\/\/villa-lovorka.net\/hr\/wp-json\/wp\/v2\/comments?post=21"}],"version-history":[{"count":88,"href":"https:\/\/villa-lovorka.net\/hr\/wp-json\/wp\/v2\/pages\/21\/revisions"}],"predecessor-version":[{"id":1017,"href":"https:\/\/villa-lovorka.net\/hr\/wp-json\/wp\/v2\/pages\/21\/revisions\/1017"}],"wp:featuredmedia":[{"embeddable":true,"href":"https:\/\/villa-lovorka.net\/hr\/wp-json\/wp\/v2\/media\/393"}],"wp:attachment":[{"href":"https:\/\/villa-lovorka.net\/hr\/wp-json\/wp\/v2\/media?parent=21"}],"curies":[{"name":"wp","href":"https:\/\/api.w.org\/{rel}","templated":true}]}}