{"id":2,"date":"2017-01-16T21:48:48","date_gmt":"2017-01-16T20:48:48","guid":{"rendered":"http:\/\/www.ilstudio.hr\/lovorka\/?page_id=2"},"modified":"2025-05-25T23:31:26","modified_gmt":"2025-05-25T21:31:26","slug":"home","status":"publish","type":"page","link":"https:\/\/villa-lovorka.net\/hr\/","title":{"rendered":"Po\u010detna"},"content":{"rendered":"<p><\/p>\n<div class=\"top-box\">\n<h1 style=\"text-align: center;\">Villa Lovorka<\/h1>\n<h1 style=\"text-align: center;\">apartmani uz more<\/h1>\n<h3 style=\"text-align: center;\"><span class=\"HwtZe\" lang=\"hr\"><span class=\"jCAhz ChMk0b\"><span class=\"ryNqvb\">Odvojite malo vremena za sebe, prepustite se jadranskom suncu, osjetite boje, zvukove i mirise Mediterana. Promatrajte zvijezde nad morem u tihoj no\u0107i, opustite se, naspavajte. Pro\u0161e\u0107ite, upoznajte na\u0161u okolicu, na\u0161u povjesnu ba\u0161tinu, gastronomiju, zabavite se, nau\u010dite ne\u0161to novo.<\/span><\/span> <\/span><\/h3>\n<p>&nbsp;<\/p>\n<h3 style=\"text-align: center;\"><span class=\"HwtZe\" lang=\"hr\"><span class=\"jCAhz ChMk0b\"><span class=\"ryNqvb\">DOBRODO\u0160LI U NA\u0160U APARTMANSKU KU\u0106U!<\/span><\/span><\/span><\/h3>\n<\/div>\n<div id=\"gg_car_143\" class=\"gg_carousel_wrap gg_gallery_wrap gg_car_preload gg_car_light gg_slick_has_arrows   gg_hidden_ol gg_ol_bottom_mode gg_main_ol_show_on_h\" ggom_fx=\"\" ggom_timing=\"300\">  <section class=\"gg_car_item_wrap\">  <div gg-url=\"https:\/\/villa-lovorka.net\/wp-content\/uploads\/2017\/01\/villa-lovorka-9.jpg\" gg-title=\"villa-lovorka-9\" class=\"gg_img gg_car_item \" gg-author=\"\" gg-descr=\"\" rel=\"143\" style=\"height: 130px;\"><div class=\"gg_img_inner\">  <div class=\"gg_main_img_wrap\">  <img src=\"\/\/villa-lovorka.net\/wp-content\/uploads\/ewpt_cache\/552x552_100_3_c_FFFFFF_d578329e09404eed36491f73fc2d56f4_villa-lovorka-9.jpg\" alt=\"villa-lovorka-9\" class=\"gg_photo gg_main_thumb\" \/>  <noscript><img src=\"https:\/\/villa-lovorka.net\/wp-content\/uploads\/2017\/01\/villa-lovorka-9.jpg\" alt=\"villa-lovorka-9\" \/><\/noscript>  <\/div>  <div class=\"gg_overlays\"><\/div>  <\/div><\/div>  <\/section>  <section class=\"gg_car_item_wrap\">  <div gg-url=\"\" gg-title=\"villa-lovorka-22\" class=\"gg_img gg_car_item \" gg-author=\"\" gg-descr=\"\" rel=\"143\" style=\"height: 130px;\"><div class=\"gg_img_inner\">  <div class=\"gg_main_img_wrap\">  <img src=\"thumb creation failed\" alt=\"villa-lovorka-22\" class=\"gg_photo gg_main_thumb\" \/>  <noscript><img src=\"\" alt=\"villa-lovorka-22\" \/><\/noscript>  <\/div>  <div class=\"gg_overlays\"><\/div>  <\/div><\/div>  <\/section>  <section class=\"gg_car_item_wrap\">  <div gg-url=\"\" gg-title=\"villa-lovorka-21\" class=\"gg_img gg_car_item \" gg-author=\"\" gg-descr=\"\" rel=\"143\" style=\"height: 130px;\"><div class=\"gg_img_inner\">  <div class=\"gg_main_img_wrap\">  <img src=\"thumb creation failed\" alt=\"villa-lovorka-21\" class=\"gg_photo gg_main_thumb\" \/>  <noscript><img src=\"\" alt=\"villa-lovorka-21\" \/><\/noscript>  <\/div>  <div class=\"gg_overlays\"><\/div>  <\/div><\/div>  <\/section>  <section class=\"gg_car_item_wrap\">  <div gg-url=\"https:\/\/villa-lovorka.net\/wp-content\/uploads\/2017\/01\/villa-lovorka-15.jpg\" gg-title=\"villa-lovorka-15\" class=\"gg_img gg_car_item \" gg-author=\"\" gg-descr=\"\" rel=\"143\" style=\"height: 130px;\"><div class=\"gg_img_inner\">  <div class=\"gg_main_img_wrap\">  <img src=\"\/\/villa-lovorka.net\/wp-content\/uploads\/ewpt_cache\/552x552_100_3_c_FFFFFF_e2d1f50f70f2c34354bbf7548de3c237_villa-lovorka-15.jpg\" alt=\"villa-lovorka-15\" class=\"gg_photo gg_main_thumb\" \/>  <noscript><img src=\"https:\/\/villa-lovorka.net\/wp-content\/uploads\/2017\/01\/villa-lovorka-15.jpg\" alt=\"villa-lovorka-15\" \/><\/noscript>  <\/div>  <div class=\"gg_overlays\"><\/div>  <\/div><\/div>  <\/section>  <section class=\"gg_car_item_wrap\">  <div gg-url=\"\" gg-title=\"villa-lovorka-13\" class=\"gg_img gg_car_item \" gg-author=\"\" gg-descr=\"\" rel=\"143\" style=\"height: 130px;\"><div class=\"gg_img_inner\">  <div class=\"gg_main_img_wrap\">  <img src=\"thumb creation failed\" alt=\"villa-lovorka-13\" class=\"gg_photo gg_main_thumb\" \/>  <noscript><img src=\"\" alt=\"villa-lovorka-13\" \/><\/noscript>  <\/div>  <div class=\"gg_overlays\"><\/div>  <\/div><\/div>  <\/section>  <section class=\"gg_car_item_wrap\">  <div gg-url=\"https:\/\/villa-lovorka.net\/wp-content\/uploads\/2017\/01\/villa-lovorka-6-1.jpg\" gg-title=\"villa-lovorka-6\" class=\"gg_img gg_car_item \" gg-author=\"\" gg-descr=\"\" rel=\"143\" style=\"height: 130px;\"><div class=\"gg_img_inner\">  <div class=\"gg_main_img_wrap\">  <img src=\"\/\/villa-lovorka.net\/wp-content\/uploads\/ewpt_cache\/552x552_100_3_c_FFFFFF_da2d38d1ac9f8e7c4621d0a6f3fcc35d_villa-lovorka-6-1.jpg\" alt=\"villa-lovorka-6\" class=\"gg_photo gg_main_thumb\" \/>  <noscript><img src=\"https:\/\/villa-lovorka.net\/wp-content\/uploads\/2017\/01\/villa-lovorka-6-1.jpg\" alt=\"villa-lovorka-6\" \/><\/noscript>  <\/div>  <div class=\"gg_overlays\"><\/div>  <\/div><\/div>  <\/section>  <section class=\"gg_car_item_wrap\">  <div gg-url=\"\" gg-title=\"villa-lovorka-5\" class=\"gg_img gg_car_item \" gg-author=\"\" gg-descr=\"\" rel=\"143\" style=\"height: 130px;\"><div class=\"gg_img_inner\">  <div class=\"gg_main_img_wrap\">  <img src=\"thumb creation failed\" alt=\"villa-lovorka-5\" class=\"gg_photo gg_main_thumb\" \/>  <noscript><img src=\"\" alt=\"villa-lovorka-5\" \/><\/noscript>  <\/div>  <div class=\"gg_overlays\"><\/div>  <\/div><\/div>  <\/section>  <section class=\"gg_car_item_wrap\">  <div gg-url=\"\" gg-title=\"villa-lovorka-4\" class=\"gg_img gg_car_item \" gg-author=\"\" gg-descr=\"\" rel=\"143\" style=\"height: 130px;\"><div class=\"gg_img_inner\">  <div class=\"gg_main_img_wrap\">  <img src=\"thumb creation failed\" alt=\"villa-lovorka-4\" class=\"gg_photo gg_main_thumb\" \/>  <noscript><img src=\"\" alt=\"villa-lovorka-4\" \/><\/noscript>  <\/div>  <div class=\"gg_overlays\"><\/div>  <\/div><\/div>  <\/section><\/div><script type=\"text\/javascript\">jQuery(document).ready(function(){jQuery(\"#gg_car_143\").slick({infinite: true , slidesToShow: 6 , slidesToScroll: 1 , centerMode: false , rows: 1 , arrows: true , dots: true,lazyLoad: \"progressive\",respondTo: \"slider\",responsive: [{  breakpoint: 480,  settings: {slidesToShow: 1,slidesToScroll: 1  }}],  });  gg_carousel_preload(143, false);});<\/script>\n<p>\u201cVilla Lovorka\u201d raspola\u017ee sa 7 apartmana koji imaju tri zvjezdice i \u201cLike HOME\u201d oznaku kluba kvalitete obiteljskog smje\u0161taja.<\/p>\n<p>Na\u0161 objekt se nalazi\u00a0 na rubu grada Vodice, u mirnoj ulici, prvi red do mora, sa predivnim pogledom. Poznata Plava Pla\u017ea je u neposrednoj blizini, kao i \u0161ljun\u010dane, \u010diste pla\u017ee koje se prote\u017eu du\u017e nove \u0161etnice koja povezuje Vodice i susjedno ribarsko mjesto Tribunj.<\/p>\n<p>Apartmani su klimatizirani, razli\u010ditih veli\u010dina, imaju 1 ili 2 spava\u0107e sobe, dnevni boravak sa blagovaonom i standardno opremljenom kuhinjom, predsoblje, tu\u0161\/wc, te veliki balkon (ve\u0107ina sa pogledom na more).<\/p>\n<p>Nudimo mogu\u0107nost besplatne upotrebe perilice rublja, ledomata, grila, interneta wi-fi.<\/p>\n<p>Veliko ogra\u0111eno parkirali\u0161te za automobile i brodske prikolice.<\/p>\n<p>Mi smo obitelj, lokalni iznajmljiva\u010di, koja od 2000. godine vodi apartmane Villa Lovorka. Veliku pa\u017enju poklanjamo \u010disto\u0107i, urednosti i osje\u0107aju za privatnost gosta. Trudimo se biti u korak s vremenom cjene\u0107i istovremeno svoju kulturu i obi\u010daje. Dozvolite da ih upoznate i budite dio na\u0161e zajednice.<\/p>\n<section class=\"tcvpb_section_tc\" style=\"padding-top:0px;\">\n\t\t\n\t\t<div class=\"tcvpb_section_content\"><div class=\"tcvpb_container\"><div class=\"tcvpb_column_tc_span6\">\n<\/div><div class=\"tcvpb_column_tc_span6\"><img src=\"http:\/\/villa-lovorka.net\/wp-content\/uploads\/2017\/01\/KARTA-HRVATSKE.jpg\" \/><\/div><\/div><\/div>\n\t\t\n\t\t\n\t<\/section>\n<section class=\"tcvpb_section_tc tcvpb-centered section_body_fullwidth\" style=\"padding-top:0px;background-color:rgb(245,245,220);\">\n\t\t\n\t\t<div class=\"tcvpb_section_content\"><div class=\"tcvpb_container\">\n<div class=\"tcvpb_column_tc_span12\">\n<h3 class=\"after-red\"><span style=\"color: #993300;\">Zna\u010dajke<\/span><\/h3>\n<style type=\"text\/css\">\n\t<!-- @page { margin: 2cm } P { margin-bottom: 0.21cm } --><br \/>\t<\/style>\n<p>prvi red do mora<\/p>\n<p>veliki odvojeni balkoni<\/p>\n<p>predivan pogled na more i otoke<\/p>\n<p>mirno okru\u017eenje<\/p>\n<p>besplatan Wi-Fi u cijelom objektu<\/p>\n<p>kori\u0161tenje grila i vrta<\/p>\n<p>privatno parkirali\u0161te za automobile i prikolice<\/p>\n<p>bova za brod<\/p>\n<p>dodatni sadr\u017eaj<\/p>\n<p>cjelogodi\u0161nji turizam<\/p>\n<p>&nbsp;<\/p>\n<\/div><\/div><\/div>\n\t\t\n\t\t\n\t<\/section><\/p>","protected":false},"excerpt":{"rendered":"<p>Villa Lovorka apartmani uz more Odvojite malo vremena za sebe, prepustite se jadranskom suncu, osjetite boje, zvukove i mirise Mediterana. Promatrajte zvijezde nad morem u tihoj no\u0107i, opustite se, naspavajte. Pro\u0161e\u0107ite, upoznajte na\u0161u okolicu, na\u0161u povjesnu ba\u0161tinu, gastronomiju, zabavite se, nau\u010dite ne\u0161to novo. &nbsp; DOBRODO\u0160LI U NA\u0160U APARTMANSKU KU\u0106U! \u201cVilla Lovorka\u201d raspola\u017ee sa 7 apartmana [&hellip;]<\/p>\n","protected":false},"author":1,"featured_media":0,"parent":0,"menu_order":0,"comment_status":"closed","ping_status":"open","template":"page-front-page-revolution.php","meta":[],"_links":{"self":[{"href":"https:\/\/villa-lovorka.net\/hr\/wp-json\/wp\/v2\/pages\/2"}],"collection":[{"href":"https:\/\/villa-lovorka.net\/hr\/wp-json\/wp\/v2\/pages"}],"about":[{"href":"https:\/\/villa-lovorka.net\/hr\/wp-json\/wp\/v2\/types\/page"}],"author":[{"embeddable":true,"href":"https:\/\/villa-lovorka.net\/hr\/wp-json\/wp\/v2\/users\/1"}],"replies":[{"embeddable":true,"href":"https:\/\/villa-lovorka.net\/hr\/wp-json\/wp\/v2\/comments?post=2"}],"version-history":[{"count":177,"href":"https:\/\/villa-lovorka.net\/hr\/wp-json\/wp\/v2\/pages\/2\/revisions"}],"predecessor-version":[{"id":1070,"href":"https:\/\/villa-lovorka.net\/hr\/wp-json\/wp\/v2\/pages\/2\/revisions\/1070"}],"wp:attachment":[{"href":"https:\/\/villa-lovorka.net\/hr\/wp-json\/wp\/v2\/media?parent=2"}],"curies":[{"name":"wp","href":"https:\/\/api.w.org\/{rel}","templated":true}]}}