{"id":112,"date":"2017-01-25T16:50:11","date_gmt":"2017-01-25T15:50:11","guid":{"rendered":"http:\/\/www.ilstudio.hr\/lovorka\/?page_id=112"},"modified":"2025-04-25T13:53:26","modified_gmt":"2025-04-25T11:53:26","slug":"apartmani","status":"publish","type":"page","link":"https:\/\/villa-lovorka.net\/hr\/apartmani\/","title":{"rendered":"Apartmani"},"content":{"rendered":"<p>Na\u0161i apartmani Villa Lovorka imaju 3 zvjezdice\u00a0 i \u201cLike home\u201d oznaku kvalitete kluba obiteljskog smje\u0161taja.<\/p>\n<p>Standardno su opremljeni, udobni i sa prostranim balkonima za ugodno opu\u0161tanje u miru. Ve\u0107ina je apartmana\u00a0 sa panoramskim pogledom na prirodu,\u00a0 more i otoke. Tik uz novo ure\u0111enu \u0161etnicu koja spaja grad\u00a0 Vodice i Tribunj.<\/p>\n<p>Na\u0161e veliko parkirali\u0161te, bove za privez brodova, kori\u0161tenje bicikli, ro\u0161tilja, ledomata i perilice, samo su dio ponude i bez dodatnne naplate.<\/p>\n<p>Mi \u017eivimo u ku\u0107i cijelu godinu i rado \u0107emo\u00a0 pomo\u0107i svojim savjetom ili preporukama u \u017eelji da vam uljep\u0161amo odmor.<\/p>\n<h2>Apartmani za 2 osobe<\/h2>\n\n\t\t<ul id=\"filters\" class=\"portfolio_filter option-set clearfix\" data-option-key=\"filter\"><\/ul>\n\t\t<div id=\"dz_latest_portfolio\" class=\"clearfix\">\n\t\t\t<div class=\"portfolio_item portfolio_item_4 apartmani mali\">\n\t\t\t\t<div class=\"overlayed\">\n\t\t\t\t\t<img width=\"2200\" height=\"1652\" src=\"https:\/\/villa-lovorka.net\/wp-content\/uploads\/2017\/01\/IMG_0998.jpg\" class=\"attachment-post-thumbnail size-post-thumbnail wp-post-image\" alt=\"\" loading=\"lazy\" srcset=\"https:\/\/villa-lovorka.net\/wp-content\/uploads\/2017\/01\/IMG_0998.jpg 2200w, https:\/\/villa-lovorka.net\/wp-content\/uploads\/2017\/01\/IMG_0998-300x225.jpg 300w, https:\/\/villa-lovorka.net\/wp-content\/uploads\/2017\/01\/IMG_0998-1024x769.jpg 1024w, https:\/\/villa-lovorka.net\/wp-content\/uploads\/2017\/01\/IMG_0998-768x577.jpg 768w, https:\/\/villa-lovorka.net\/wp-content\/uploads\/2017\/01\/IMG_0998-1536x1153.jpg 1536w, https:\/\/villa-lovorka.net\/wp-content\/uploads\/2017\/01\/IMG_0998-2048x1538.jpg 2048w\" sizes=\"(max-width: 2200px) 100vw, 2200px\" \/>\n\t\t\t\t\t<a class=\"overlay\" href=\"https:\/\/villa-lovorka.net\/hr\/apartments\/apartman-2\/\">\n\t\t\t\t\t\t<p class=\"overlay_title\">Apartment 2<\/p>\n\t\t\t\t\t<\/a>\n\t\t\t\t<\/div>\n\t\t\t<\/div><div class=\"portfolio_item portfolio_item_4 apartmani mali\">\n\t\t\t\t<div class=\"overlayed\">\n\t\t\t\t\t<img width=\"2500\" height=\"1667\" src=\"https:\/\/villa-lovorka.net\/wp-content\/uploads\/2017\/01\/IMG_0679.jpg\" class=\"attachment-post-thumbnail size-post-thumbnail wp-post-image\" alt=\"\" loading=\"lazy\" srcset=\"https:\/\/villa-lovorka.net\/wp-content\/uploads\/2017\/01\/IMG_0679.jpg 2500w, https:\/\/villa-lovorka.net\/wp-content\/uploads\/2017\/01\/IMG_0679-300x200.jpg 300w, https:\/\/villa-lovorka.net\/wp-content\/uploads\/2017\/01\/IMG_0679-1024x683.jpg 1024w, https:\/\/villa-lovorka.net\/wp-content\/uploads\/2017\/01\/IMG_0679-768x512.jpg 768w, https:\/\/villa-lovorka.net\/wp-content\/uploads\/2017\/01\/IMG_0679-1536x1024.jpg 1536w, https:\/\/villa-lovorka.net\/wp-content\/uploads\/2017\/01\/IMG_0679-2048x1366.jpg 2048w\" sizes=\"(max-width: 2500px) 100vw, 2500px\" \/>\n\t\t\t\t\t<a class=\"overlay\" href=\"https:\/\/villa-lovorka.net\/hr\/apartments\/apartment-4\/\">\n\t\t\t\t\t\t<p class=\"overlay_title\">Apartment 4<\/p>\n\t\t\t\t\t<\/a>\n\t\t\t\t<\/div>\n\t\t\t<\/div><div class=\"portfolio_item portfolio_item_4 apartmani mali\">\n\t\t\t\t<div class=\"overlayed\">\n\t\t\t\t\t<img width=\"2500\" height=\"1877\" src=\"https:\/\/villa-lovorka.net\/wp-content\/uploads\/2017\/01\/IMG_1042.jpg\" class=\"attachment-post-thumbnail size-post-thumbnail wp-post-image\" alt=\"\" loading=\"lazy\" srcset=\"https:\/\/villa-lovorka.net\/wp-content\/uploads\/2017\/01\/IMG_1042.jpg 2500w, https:\/\/villa-lovorka.net\/wp-content\/uploads\/2017\/01\/IMG_1042-300x225.jpg 300w, https:\/\/villa-lovorka.net\/wp-content\/uploads\/2017\/01\/IMG_1042-1024x769.jpg 1024w, https:\/\/villa-lovorka.net\/wp-content\/uploads\/2017\/01\/IMG_1042-768x577.jpg 768w, https:\/\/villa-lovorka.net\/wp-content\/uploads\/2017\/01\/IMG_1042-1536x1153.jpg 1536w, https:\/\/villa-lovorka.net\/wp-content\/uploads\/2017\/01\/IMG_1042-2048x1538.jpg 2048w\" sizes=\"(max-width: 2500px) 100vw, 2500px\" \/>\n\t\t\t\t\t<a class=\"overlay\" href=\"https:\/\/villa-lovorka.net\/hr\/apartments\/apartment-7\/\">\n\t\t\t\t\t\t<p class=\"overlay_title\">Apartment 7<\/p>\n\t\t\t\t\t<\/a>\n\t\t\t\t<\/div>\n\t\t\t<\/div><div class=\"portfolio_item portfolio_item_4 apartmani mali\">\n\t\t\t\t<div class=\"overlayed\">\n\t\t\t\t\t<img width=\"2200\" height=\"1652\" src=\"https:\/\/villa-lovorka.net\/wp-content\/uploads\/2017\/01\/12A.jpg\" class=\"attachment-post-thumbnail size-post-thumbnail wp-post-image\" alt=\"Popodnevno sunce na balkonu s pogledom na more iz apartmana broj 5 u Villa Lovorka\" loading=\"lazy\" srcset=\"https:\/\/villa-lovorka.net\/wp-content\/uploads\/2017\/01\/12A.jpg 2200w, https:\/\/villa-lovorka.net\/wp-content\/uploads\/2017\/01\/12A-300x225.jpg 300w, https:\/\/villa-lovorka.net\/wp-content\/uploads\/2017\/01\/12A-1024x769.jpg 1024w, https:\/\/villa-lovorka.net\/wp-content\/uploads\/2017\/01\/12A-768x577.jpg 768w, https:\/\/villa-lovorka.net\/wp-content\/uploads\/2017\/01\/12A-1536x1153.jpg 1536w, https:\/\/villa-lovorka.net\/wp-content\/uploads\/2017\/01\/12A-2048x1538.jpg 2048w\" sizes=\"(max-width: 2200px) 100vw, 2200px\" \/>\n\t\t\t\t\t<a class=\"overlay\" href=\"https:\/\/villa-lovorka.net\/hr\/apartments\/apartment-5\/\">\n\t\t\t\t\t\t<p class=\"overlay_title\">Apartment 5<\/p>\n\t\t\t\t\t<\/a>\n\t\t\t\t<\/div>\n\t\t\t<\/div>\n\t\t<\/div>\n<h2>Apartmani za 2-3 osobe<\/h2>\n\n\t\t<ul id=\"filters\" class=\"portfolio_filter option-set clearfix\" data-option-key=\"filter\"><\/ul>\n\t\t<div id=\"dz_latest_portfolio\" class=\"clearfix\">\n\t\t\t<div class=\"portfolio_item portfolio_item_4 apartmani naslovnica srednji\">\n\t\t\t\t<div class=\"overlayed\">\n\t\t\t\t\t<img width=\"2560\" height=\"1922\" src=\"https:\/\/villa-lovorka.net\/wp-content\/uploads\/2017\/01\/IMG_1082-scaled.jpg\" class=\"attachment-post-thumbnail size-post-thumbnail wp-post-image\" alt=\"\" loading=\"lazy\" srcset=\"https:\/\/villa-lovorka.net\/wp-content\/uploads\/2017\/01\/IMG_1082-scaled.jpg 2560w, https:\/\/villa-lovorka.net\/wp-content\/uploads\/2017\/01\/IMG_1082-300x225.jpg 300w, https:\/\/villa-lovorka.net\/wp-content\/uploads\/2017\/01\/IMG_1082-1024x769.jpg 1024w, https:\/\/villa-lovorka.net\/wp-content\/uploads\/2017\/01\/IMG_1082-768x577.jpg 768w, https:\/\/villa-lovorka.net\/wp-content\/uploads\/2017\/01\/IMG_1082-1536x1153.jpg 1536w, https:\/\/villa-lovorka.net\/wp-content\/uploads\/2017\/01\/IMG_1082-2048x1537.jpg 2048w\" sizes=\"(max-width: 2560px) 100vw, 2560px\" \/>\n\t\t\t\t\t<a class=\"overlay\" href=\"https:\/\/villa-lovorka.net\/hr\/apartments\/apartment-3\/\">\n\t\t\t\t\t\t<p class=\"overlay_title\">Apartment 3<\/p>\n\t\t\t\t\t<\/a>\n\t\t\t\t<\/div>\n\t\t\t<\/div><div class=\"portfolio_item portfolio_item_4 apartmani srednji\">\n\t\t\t\t<div class=\"overlayed\">\n\t\t\t\t\t<img width=\"2560\" height=\"1922\" src=\"https:\/\/villa-lovorka.net\/wp-content\/uploads\/2017\/01\/IMG_2265-scaled.jpg\" class=\"attachment-post-thumbnail size-post-thumbnail wp-post-image\" alt=\"\" loading=\"lazy\" srcset=\"https:\/\/villa-lovorka.net\/wp-content\/uploads\/2017\/01\/IMG_2265-scaled.jpg 2560w, https:\/\/villa-lovorka.net\/wp-content\/uploads\/2017\/01\/IMG_2265-300x225.jpg 300w, https:\/\/villa-lovorka.net\/wp-content\/uploads\/2017\/01\/IMG_2265-1024x769.jpg 1024w, https:\/\/villa-lovorka.net\/wp-content\/uploads\/2017\/01\/IMG_2265-768x577.jpg 768w, https:\/\/villa-lovorka.net\/wp-content\/uploads\/2017\/01\/IMG_2265-1536x1153.jpg 1536w, https:\/\/villa-lovorka.net\/wp-content\/uploads\/2017\/01\/IMG_2265-2048x1538.jpg 2048w\" sizes=\"(max-width: 2560px) 100vw, 2560px\" \/>\n\t\t\t\t\t<a class=\"overlay\" href=\"https:\/\/villa-lovorka.net\/hr\/apartments\/apartment-1\/\">\n\t\t\t\t\t\t<p class=\"overlay_title\">Apartment 1<\/p>\n\t\t\t\t\t<\/a>\n\t\t\t\t<\/div>\n\t\t\t<\/div>\n\t\t<\/div>\n<h2>Apartmani za 4 osoba<\/h2>\n\n\t\t<ul id=\"filters\" class=\"portfolio_filter option-set clearfix\" data-option-key=\"filter\"><\/ul>\n\t\t<div id=\"dz_latest_portfolio\" class=\"clearfix\">\n\t\t\t<div class=\"portfolio_item portfolio_item_4 apartmani veliki\">\n\t\t\t\t<div class=\"overlayed\">\n\t\t\t\t\t<img width=\"2500\" height=\"1877\" src=\"https:\/\/villa-lovorka.net\/wp-content\/uploads\/2017\/01\/IMG_0760.jpg\" class=\"attachment-post-thumbnail size-post-thumbnail wp-post-image\" alt=\"\" loading=\"lazy\" srcset=\"https:\/\/villa-lovorka.net\/wp-content\/uploads\/2017\/01\/IMG_0760.jpg 2500w, https:\/\/villa-lovorka.net\/wp-content\/uploads\/2017\/01\/IMG_0760-300x225.jpg 300w, https:\/\/villa-lovorka.net\/wp-content\/uploads\/2017\/01\/IMG_0760-1024x769.jpg 1024w, https:\/\/villa-lovorka.net\/wp-content\/uploads\/2017\/01\/IMG_0760-768x577.jpg 768w, https:\/\/villa-lovorka.net\/wp-content\/uploads\/2017\/01\/IMG_0760-1536x1153.jpg 1536w, https:\/\/villa-lovorka.net\/wp-content\/uploads\/2017\/01\/IMG_0760-2048x1538.jpg 2048w\" sizes=\"(max-width: 2500px) 100vw, 2500px\" \/>\n\t\t\t\t\t<a class=\"overlay\" href=\"https:\/\/villa-lovorka.net\/hr\/apartments\/apartment-6\/\">\n\t\t\t\t\t\t<p class=\"overlay_title\">Villa Lovorka Apartment  6<\/p>\n\t\t\t\t\t<\/a>\n\t\t\t\t<\/div>\n\t\t\t<\/div>\n\t\t<\/div>\n<p>Cijena smje\u0161taja uklju\u010duje:<\/p>\n<ul>\n<li>posteljinu (1\/ tjedno)<\/li>\n<li><\/li>\n<li>ru\u010dnike<\/li>\n<li>upotreba bicikla<\/li>\n<li><\/li>\n<li>upotreba grila<\/li>\n<li>tro\u0161kove struje,vode<\/li>\n<li>wi- fi Internet priklju\u010dak<\/li>\n<li>turisti\u010dku taksu<\/li>\n<li>parkirali\u0161te<\/li>\n<\/ul>\n<p>Uz na\u0161u standardnu opremu (Sat-tv, aparat za kavu, kuhalo za vodu, stalak za su\u0161enje rublja),<\/p>\n<p>nudimo na Va\u0161 upit: peglu, dasku za peglanje, toster, mikser, su\u0161ilo za kosu.<\/p>\n<p>Ako\u00a0 je to u na\u0161oj mogu\u0107nosti, rado \u0107emo iza\u0107i u susret ukoliko imate jo\u0161 neke \u017eelje i potrebe.<\/p>\n<p>U prizemlju uz zajedni\u010dku prostoriju za dru\u017eenje gostiju imamo i skladi\u0161te za prtljagu.<\/p>\n<p>Nudimo besplatnu upotrebu:<\/p>\n<ul>\n<li>ledomata<\/li>\n<li>fri\u017eidera za duboko smrzavanje (svaki apartman ima svoju ladicu)<\/li>\n<li>perilice za rublje<\/li>\n<li><\/li>\n<\/ul>\n<p>&#8211; Prijava od 14:00 h na dan dolaska<br \/>\n&#8211; Odjava do 9:00 h na dan odlaska<\/p>","protected":false},"excerpt":{"rendered":"<p>Na\u0161i apartmani Villa Lovorka imaju 3 zvjezdice\u00a0 i \u201cLike home\u201d oznaku kvalitete kluba obiteljskog smje\u0161taja. Standardno su opremljeni, udobni i sa prostranim balkonima za ugodno opu\u0161tanje u miru. Ve\u0107ina je apartmana\u00a0 sa panoramskim pogledom na prirodu,\u00a0 more i otoke. Tik uz novo ure\u0111enu \u0161etnicu koja spaja grad\u00a0 Vodice i Tribunj. Na\u0161e veliko parkirali\u0161te, bove za [&hellip;]<\/p>\n","protected":false},"author":1,"featured_media":0,"parent":0,"menu_order":0,"comment_status":"closed","ping_status":"closed","template":"page-fullwidth.php","meta":[],"_links":{"self":[{"href":"https:\/\/villa-lovorka.net\/hr\/wp-json\/wp\/v2\/pages\/112"}],"collection":[{"href":"https:\/\/villa-lovorka.net\/hr\/wp-json\/wp\/v2\/pages"}],"about":[{"href":"https:\/\/villa-lovorka.net\/hr\/wp-json\/wp\/v2\/types\/page"}],"author":[{"embeddable":true,"href":"https:\/\/villa-lovorka.net\/hr\/wp-json\/wp\/v2\/users\/1"}],"replies":[{"embeddable":true,"href":"https:\/\/villa-lovorka.net\/hr\/wp-json\/wp\/v2\/comments?post=112"}],"version-history":[{"count":53,"href":"https:\/\/villa-lovorka.net\/hr\/wp-json\/wp\/v2\/pages\/112\/revisions"}],"predecessor-version":[{"id":1019,"href":"https:\/\/villa-lovorka.net\/hr\/wp-json\/wp\/v2\/pages\/112\/revisions\/1019"}],"wp:attachment":[{"href":"https:\/\/villa-lovorka.net\/hr\/wp-json\/wp\/v2\/media?parent=112"}],"curies":[{"name":"wp","href":"https:\/\/api.w.org\/{rel}","templated":true}]}}