{"id":230,"date":"2017-02-13T09:26:31","date_gmt":"2017-02-13T08:26:31","guid":{"rendered":"http:\/\/villa-lovorka.net\/hr\/?page_id=230"},"modified":"2024-04-16T20:55:28","modified_gmt":"2024-04-16T18:55:28","slug":"activities","status":"publish","type":"page","link":"https:\/\/villa-lovorka.net\/de\/aktivitaten\/","title":{"rendered":"Aktivit\u00e4ten"},"content":{"rendered":"<p><\/p>\n<h3 style=\"text-align: center;\"><span style=\"color: #993300;\">Aktivit\u00e4ten<\/span><\/h3>\n<p><a href=\"http:\/\/villa-lovorka.net\/wp-content\/uploads\/2018\/03\/mih_1_945_520.jpg\" data-rel=\"lightbox-1\" title=\"\"><img loading=\"lazy\" class=\"size-medium wp-image-672 alignright\" src=\"http:\/\/villa-lovorka.net\/wp-content\/uploads\/2018\/03\/mih_1_945_520-300x165.jpg\" alt=\"\" width=\"300\" height=\"165\" srcset=\"https:\/\/villa-lovorka.net\/wp-content\/uploads\/2018\/03\/mih_1_945_520-300x165.jpg 300w, https:\/\/villa-lovorka.net\/wp-content\/uploads\/2018\/03\/mih_1_945_520-768x423.jpg 768w, https:\/\/villa-lovorka.net\/wp-content\/uploads\/2018\/03\/mih_1_945_520.jpg 945w\" sizes=\"(max-width: 300px) 100vw, 300px\" \/><\/a> Genie\u00dfen Sie die Unterhaltungsprogramme auf den Terrassen mit Musik wie auch auf den Marktpl\u00e4tzen und den Sommertheater-B\u00fchnen, wo Dalmatiniesche Vereine, Volkstanz-Ensembles, Estradenk\u00fcnstler und Theaterfamilien auftreten.<br \/>\nErleben Sie die traditionellen \u00a0 Volksfeste, Pr\u00e4sentationen unserer alten Br\u00e4uche und Fischerabende, besuchen Sie Ausstellungen, Konzerte, Festivals, moderne Bibliothek und Kino.<\/p>\n<p style=\"text-align: left;\"><a href=\"http:\/\/villa-lovorka.net\/wp-content\/uploads\/2018\/03\/RONJENJE.jpg\" data-rel=\"lightbox-2\" title=\"\"><img loading=\"lazy\" class=\"size-medium wp-image-681 alignleft\" src=\"http:\/\/villa-lovorka.net\/wp-content\/uploads\/2018\/03\/RONJENJE-300x225.jpg\" alt=\"\" width=\"300\" height=\"225\" srcset=\"https:\/\/villa-lovorka.net\/wp-content\/uploads\/2018\/03\/RONJENJE-300x225.jpg 300w, https:\/\/villa-lovorka.net\/wp-content\/uploads\/2018\/03\/RONJENJE.jpg 600w\" sizes=\"(max-width: 300px) 100vw, 300px\" \/><\/a> Wenn Sie Aktivurlaub bevorzugen, dann ist f\u00fcr Sie Tauchen, Segeln, Kajaking, Big game fishing genau das Richtige. F\u00fcr Spa\u00df und Spannung sorgen Wasserbananen, Wasserrutsche, Jet ski, Paragliding und vieles mehr. Sie k\u00f6nnen auch Tennis, Basketball, Volleyball, Fu\u00dfball, Handball oder Boccia spielen oder auf den k\u00fcnstlichen Felsen klettern. Sie k\u00f6nnen ein Boot ausleihen und in der N\u00e4he eine ruhige Bucht nur f\u00fcr sich alleine finden.<\/p>\n<p style=\"text-align: left;\"><a href=\"http:\/\/villa-lovorka.net\/wp-content\/uploads\/2018\/03\/1.jpg\" data-rel=\"lightbox-3\" title=\"\"><img loading=\"lazy\" class=\"size-medium wp-image-742 alignright\" src=\"http:\/\/villa-lovorka.net\/wp-content\/uploads\/2018\/03\/1-300x225.jpg\" alt=\"\" width=\"300\" height=\"225\" srcset=\"https:\/\/villa-lovorka.net\/wp-content\/uploads\/2018\/03\/1-300x225.jpg 300w, https:\/\/villa-lovorka.net\/wp-content\/uploads\/2018\/03\/1-768x576.jpg 768w, https:\/\/villa-lovorka.net\/wp-content\/uploads\/2018\/03\/1.jpg 1000w\" sizes=\"(max-width: 300px) 100vw, 300px\" \/><\/a>\u00a0Die alte Gassen und kulturgeschichtliche Denkm\u00e4ler erz\u00e4hlen eine sechs hundert Jahre alte Geschichte, wobei die Felder von Vodice die Hinterlassenschaft der R\u00f6mer, Iliren und T\u00fcrken verstecken. Erfahren Sie mehr \u00fcber unser kulturelles Erbe.<\/p>\n<p>&nbsp;<\/p>\n<p style=\"text-align: left;\"><a href=\"http:\/\/villa-lovorka.net\/wp-content\/uploads\/2018\/03\/BIKE-2.jpg\" data-rel=\"lightbox-4\" title=\"\"><img loading=\"lazy\" class=\"size-medium wp-image-684 alignleft\" src=\"http:\/\/villa-lovorka.net\/wp-content\/uploads\/2018\/03\/BIKE-2-300x225.jpg\" alt=\"\" width=\"300\" height=\"225\" srcset=\"https:\/\/villa-lovorka.net\/wp-content\/uploads\/2018\/03\/BIKE-2-300x225.jpg 300w, https:\/\/villa-lovorka.net\/wp-content\/uploads\/2018\/03\/BIKE-2.jpg 600w\" sizes=\"(max-width: 300px) 100vw, 300px\" \/><\/a>Im Hinterland von Vodice gibt es Kilometer von abwechslungsreichen Wander und Radwegen f\u00fcr weniger Ge\u00fcbte oder f\u00fcr wahre Sportler. Alle Radwege sind gut beschildert und in Radwanderkarten eingetragen. <span class=\"HwtZe\" lang=\"de\"><span class=\"jCAhz ChMk0b\"><span class=\"ryNqvb\">Lernen Sie etwas Neues, g\u00f6nnen Sie sich etwas Gutes f\u00fcr Ihre Gesundheit.<\/span><\/span><\/span><\/p>\n<p>&nbsp;<\/p>\n<p>&nbsp;<\/p>\n<p>&nbsp;<\/p>\n<p>&nbsp;<\/p>","protected":false},"excerpt":{"rendered":"<p>Aktivit\u00e4ten Genie\u00dfen Sie die Unterhaltungsprogramme auf den Terrassen mit Musik wie auch auf den Marktpl\u00e4tzen und den Sommertheater-B\u00fchnen, wo Dalmatiniesche Vereine, Volkstanz-Ensembles, Estradenk\u00fcnstler und Theaterfamilien auftreten. Erleben Sie die traditionellen \u00a0 Volksfeste, Pr\u00e4sentationen unserer alten Br\u00e4uche und Fischerabende, besuchen Sie Ausstellungen, Konzerte, Festivals, moderne Bibliothek und Kino. Wenn Sie Aktivurlaub bevorzugen, dann ist f\u00fcr Sie [&hellip;]<\/p>\n","protected":false},"author":1,"featured_media":0,"parent":0,"menu_order":0,"comment_status":"closed","ping_status":"closed","template":"page-fullwidth.php","meta":[],"_links":{"self":[{"href":"https:\/\/villa-lovorka.net\/de\/wp-json\/wp\/v2\/pages\/230"}],"collection":[{"href":"https:\/\/villa-lovorka.net\/de\/wp-json\/wp\/v2\/pages"}],"about":[{"href":"https:\/\/villa-lovorka.net\/de\/wp-json\/wp\/v2\/types\/page"}],"author":[{"embeddable":true,"href":"https:\/\/villa-lovorka.net\/de\/wp-json\/wp\/v2\/users\/1"}],"replies":[{"embeddable":true,"href":"https:\/\/villa-lovorka.net\/de\/wp-json\/wp\/v2\/comments?post=230"}],"version-history":[{"count":43,"href":"https:\/\/villa-lovorka.net\/de\/wp-json\/wp\/v2\/pages\/230\/revisions"}],"predecessor-version":[{"id":970,"href":"https:\/\/villa-lovorka.net\/de\/wp-json\/wp\/v2\/pages\/230\/revisions\/970"}],"wp:attachment":[{"href":"https:\/\/villa-lovorka.net\/de\/wp-json\/wp\/v2\/media?parent=230"}],"curies":[{"name":"wp","href":"https:\/\/api.w.org\/{rel}","templated":true}]}}