{"id":228,"date":"2017-02-13T09:26:14","date_gmt":"2017-02-13T08:26:14","guid":{"rendered":"http:\/\/villa-lovorka.net\/hr\/?page_id=228"},"modified":"2025-02-06T16:30:22","modified_gmt":"2025-02-06T15:30:22","slug":"environment","status":"publish","type":"page","link":"https:\/\/villa-lovorka.net\/de\/umwelt\/","title":{"rendered":"Umgebung"},"content":{"rendered":"<p><\/p>\n<h2 style=\"text-align: center;\"><span style=\"color: #993300;\">Umgebung<\/span><\/h2>\n<p><a href=\"http:\/\/villa-lovorka.net\/wp-content\/uploads\/2018\/03\/PRVI\u0106-3.jpg\" data-rel=\"lightbox-0\" title=\"\"><img loading=\"lazy\" class=\"size-medium wp-image-660 alignright\" src=\"http:\/\/villa-lovorka.net\/wp-content\/uploads\/2018\/03\/PRVI\u0106-3-300x168.jpg\" alt=\"\" width=\"300\" height=\"168\" \/><\/a><\/p>\n<p>Insel Prvi\u0107<\/p>\n<p>I<span lang=\"de-DE\">nsel Prvi\u0107 ist bewohnte Inseln in der N\u00e4he von Vodice, mit t\u00e4glichem Schiffverbindung zum Festland (Vodice und \u0160ibenik). Die ganze Insel ist gesch\u00fctztes kulturgeschichtliches Erbe. Der Ber\u00fchmteste Prvi\u0107 Bewohner der Vergangenheit ist Faust Vran\u010di\u0107 (\u0160ibenik 1551. &#8211; Venedig 1617.) . Er wahr als Wissenschaftler, Linguisten und Erfinder eine hochangesehene europ\u00e4ische Person seiner Zeit. <\/span>Heute kann man auf der Insel einen modernen Gedenk<span lang=\"de-DE\">zentrum Faust Vran\u010di\u0107 besichtigen und mehr \u00fcber das Leben und Werk eines der gr\u00f6\u00dften kroatischen Erfinder erfahren.<\/span><\/p>\n<p>&nbsp;<\/p>\n<p><a href=\"http:\/\/villa-lovorka.net\/wp-content\/uploads\/2017\/12\/sibenik.jpg\" data-rel=\"lightbox-1\" title=\"\"><img loading=\"lazy\" class=\"size-medium wp-image-638 alignleft\" src=\"http:\/\/villa-lovorka.net\/wp-content\/uploads\/2017\/12\/sibenik-300x225.jpg\" alt=\"\" width=\"300\" height=\"225\" srcset=\"https:\/\/villa-lovorka.net\/wp-content\/uploads\/2017\/12\/sibenik-300x225.jpg 300w, https:\/\/villa-lovorka.net\/wp-content\/uploads\/2017\/12\/sibenik-768x576.jpg 768w, https:\/\/villa-lovorka.net\/wp-content\/uploads\/2017\/12\/sibenik.jpg 1000w\" sizes=\"(max-width: 300px) 100vw, 300px\" \/><\/a><span lang=\"de-DE\">Stadt \u0160ibenik (11 km von Vodice)<\/span><\/p>\n<p><span lang=\"de-DE\">\u0160ibenik wurde zum ersten mal in 11. Jahrhunderts in einer Urkunde des K\u00f6nigs Petar Kresimir IV erw\u00e4hnt. Ein Wahrzeichen der Stadt ist die Kathedrale St. Jakob, die wegen ihrer wertvollen Besonderheiten, im Jahr 2000 in die UNESCO Liste des Welterbes aufgenommen ist. Rathaus, Stadtmuseum, viele Pal\u00e4ste, 24 Kirchen und 6 Kl\u00f6ster in der Stadt, werden niemanden gleichg\u00fcltig lassen. Finden Sie Ruhe und Entspannung spazierend durch alten, mit Naturstein gepflasterten Gassen. Besuchen sie eine von drei Festungen mit einer sch\u00f6nen Aussicht auf das Meer, Stadt \u0160ibenik, Kanal mit\u00a0 Festung St. Nikolaus ( UNESCO Liste des Welterbes ) und der gesamte Archipel.<\/span><\/p>\n<p>&nbsp;<\/p>\n<p>&nbsp;<\/p>\n<p><span lang=\"en-US\"><a href=\"http:\/\/villa-lovorka.net\/wp-content\/uploads\/2018\/03\/SPLIT-1-1.jpg\" data-rel=\"lightbox-7\" title=\"\"><img loading=\"lazy\" class=\"size-medium wp-image-747 alignright\" src=\"http:\/\/villa-lovorka.net\/wp-content\/uploads\/2018\/03\/SPLIT-1-1-300x224.jpg\" alt=\"\" width=\"300\" height=\"224\" srcset=\"https:\/\/villa-lovorka.net\/wp-content\/uploads\/2018\/03\/SPLIT-1-1-300x224.jpg 300w, https:\/\/villa-lovorka.net\/wp-content\/uploads\/2018\/03\/SPLIT-1-1.jpg 758w\" sizes=\"(max-width: 300px) 100vw, 300px\" \/><\/a>Stadt Split (90 km von Vodice)<\/span><\/p>\n<p><span lang=\"de-DE\">Split ist gr\u00f6\u00dfte Stadt Dalmatiens. Stadt <\/span><span lang=\"de-DE\">mit reiche Erbe<\/span><span lang=\"de-DE\">, deren Diokletian Palast (4. Jahrhundert) f\u00fcr den gr\u00f6\u00dften und am besten aufbewahrte sp\u00e4tantike Palast der Welt gilt. Diese einzigartige Denkmal-Komplex, ist in die UNESCO Liste der Welterbe eingetragen. <\/span><\/p>\n<p>&nbsp;<\/p>\n<p><span lang=\"de-DE\"><a href=\"http:\/\/villa-lovorka.net\/wp-content\/uploads\/2018\/03\/ZADAR-MORSKE-ORGULJE.jpg\" data-rel=\"lightbox-2\" title=\"\"><img loading=\"lazy\" class=\"size-medium wp-image-748 alignleft\" src=\"http:\/\/villa-lovorka.net\/wp-content\/uploads\/2018\/03\/ZADAR-MORSKE-ORGULJE-300x225.jpg\" alt=\"\" width=\"300\" height=\"225\" \/><\/a>Stadt Zadar (75 km von Vodice)\u00a0\u00a0\u00a0<\/span><\/p>\n<p><span lang=\"de-DE\">Als eine Denkmalstadt von historischem Mauern umgeben, ist Zadar eine Kammer der arch\u00e4ologischen Sch\u00e4tze aus der Antike, des Mittelalters und der Renaissance. <span class=\"HwtZe\" lang=\"de\"><span class=\"jCAhz ChMk0b\"><span class=\"ryNqvb\">Ebenso wie <\/span><\/span><\/span>modernen Architekturwerken wie die \u201eMeeresorgel\u201c und <\/span><span class=\"Y2IQFc\" lang=\"de\">&#8222;Gru<span class=\"HwtZe\" lang=\"de\"><span class=\"jCAhz ChMk0b\"><span class=\"ryNqvb\">\u00df<\/span><\/span><\/span> an die Sonne&#8220; als spektakul\u00e4re Installationen die die Verbindung zwieschen Kunst und Natur zeigen.<\/span><\/p>\n<div id=\"tw-target-rmn-container\" class=\"tw-target-rmn tw-ta-container F0azHf tw-nfl\" tabindex=\"0\" role=\"text\">\n<pre id=\"tw-target-rmn\" class=\"tw-data-placeholder tw-text-small tw-ta\" dir=\"ltr\" data-placeholder=\"\"><span class=\"HwtZe\" lang=\"de\"><span class=\"jCAhz ChMk0b\"><span class=\"ryNqvb\">\u00a0<\/span><\/span><\/span><\/pre>\n<\/div>\n<p><span lang=\"de-DE\">\u00a0<\/span><\/p>\n<p><a href=\"http:\/\/villa-lovorka.net\/wp-content\/uploads\/2017\/12\/krka.jpg\" data-rel=\"lightbox-3\" title=\"\"><img loading=\"lazy\" class=\"size-medium wp-image-639 alignright\" src=\"http:\/\/villa-lovorka.net\/wp-content\/uploads\/2017\/12\/krka-300x225.jpg\" alt=\"\" width=\"300\" height=\"225\" srcset=\"https:\/\/villa-lovorka.net\/wp-content\/uploads\/2017\/12\/krka-300x225.jpg 300w, https:\/\/villa-lovorka.net\/wp-content\/uploads\/2017\/12\/krka-768x576.jpg 768w, https:\/\/villa-lovorka.net\/wp-content\/uploads\/2017\/12\/krka.jpg 1000w\" sizes=\"(max-width: 300px) 100vw, 300px\" \/><\/a><\/p>\n<p>&nbsp;<\/p>\n<p>&nbsp;<\/p>\n<p>National Park\u00a0<span lang=\"de-DE\"> &#8222;Krka Wasserfaelle&#8220;<\/span><\/p>\n<p><span lang=\"de-DE\">Machen Sie einen Tagesausflug und erleben Sie die einzigartiger Landschaft.<br \/>\nSehenswerte Wasserf\u00e4lle, Seen, Bildungswege, <\/span><span lang=\"de-DE\">Beobachtungspunkte, Wanderwegen, Radwegen, speziell gekennzeichneten Pl\u00e4tze zum Schwimmen, Restaurants, Souvenirl\u00e4den und<\/span><span lang=\"de-DE\"> Tierwelt warten auf Sie.<br \/>\nDie Hauptattraktion des Krka-Nationalpark sind seine sieben Wasserf\u00e4lle mit Travertinbarrieren, Seen und Inseln.<br \/>\nUnter einer von ihnen, befindet sich Wasserkraftwerk Jaruga, die zweit\u00e4lteste Wasserkraftwerk der Welt und der erste in Europa.<\/span><\/p>\n<p>&nbsp;<\/p>\n<p><span lang=\"de-DE\"><a href=\"http:\/\/villa-lovorka.net\/wp-content\/uploads\/2017\/12\/Mala_proversa.jpg\" data-rel=\"lightbox-4\" title=\"\"><img loading=\"lazy\" class=\"size-medium wp-image-640 alignleft\" src=\"http:\/\/villa-lovorka.net\/wp-content\/uploads\/2017\/12\/Mala_proversa-300x200.jpg\" alt=\"\" width=\"300\" height=\"200\" srcset=\"https:\/\/villa-lovorka.net\/wp-content\/uploads\/2017\/12\/Mala_proversa-300x200.jpg 300w, https:\/\/villa-lovorka.net\/wp-content\/uploads\/2017\/12\/Mala_proversa-768x511.jpg 768w, https:\/\/villa-lovorka.net\/wp-content\/uploads\/2017\/12\/Mala_proversa.jpg 1000w\" sizes=\"(max-width: 300px) 100vw, 300px\" \/><\/a>Nationalpark Kornati\u00a0<\/span><\/p>\n<p><span lang=\"de-DE\"> Teil einer Gruppe von Inseln &#8222;Kornati&#8220; und dichteste Archipel im Mittelmeer.<br \/>\nDie Umgebung des Nationalparks ist 220 Quadratkilometer, besteht aus 89 Inseln, Inselchen und Felsen, die von einem sch\u00f6nen blauen Meer umgeben sind.<\/span><\/p>\n<p>&nbsp;<\/p>\n<p>&nbsp;<\/p>\n<p>&nbsp;<\/p>","protected":false},"excerpt":{"rendered":"<p>Umgebung Insel Prvi\u0107 Insel Prvi\u0107 ist bewohnte Inseln in der N\u00e4he von Vodice, mit t\u00e4glichem Schiffverbindung zum Festland (Vodice und \u0160ibenik). Die ganze Insel ist gesch\u00fctztes kulturgeschichtliches Erbe. Der Ber\u00fchmteste Prvi\u0107 Bewohner der Vergangenheit ist Faust Vran\u010di\u0107 (\u0160ibenik 1551. &#8211; Venedig 1617.) . Er wahr als Wissenschaftler, Linguisten und Erfinder eine hochangesehene europ\u00e4ische Person seiner [&hellip;]<\/p>\n","protected":false},"author":1,"featured_media":0,"parent":0,"menu_order":0,"comment_status":"closed","ping_status":"closed","template":"page-fullwidth.php","meta":[],"_links":{"self":[{"href":"https:\/\/villa-lovorka.net\/de\/wp-json\/wp\/v2\/pages\/228"}],"collection":[{"href":"https:\/\/villa-lovorka.net\/de\/wp-json\/wp\/v2\/pages"}],"about":[{"href":"https:\/\/villa-lovorka.net\/de\/wp-json\/wp\/v2\/types\/page"}],"author":[{"embeddable":true,"href":"https:\/\/villa-lovorka.net\/de\/wp-json\/wp\/v2\/users\/1"}],"replies":[{"embeddable":true,"href":"https:\/\/villa-lovorka.net\/de\/wp-json\/wp\/v2\/comments?post=228"}],"version-history":[{"count":75,"href":"https:\/\/villa-lovorka.net\/de\/wp-json\/wp\/v2\/pages\/228\/revisions"}],"predecessor-version":[{"id":998,"href":"https:\/\/villa-lovorka.net\/de\/wp-json\/wp\/v2\/pages\/228\/revisions\/998"}],"wp:attachment":[{"href":"https:\/\/villa-lovorka.net\/de\/wp-json\/wp\/v2\/media?parent=228"}],"curies":[{"name":"wp","href":"https:\/\/api.w.org\/{rel}","templated":true}]}}