{"id":21,"date":"2017-01-16T22:33:15","date_gmt":"2017-01-16T21:33:15","guid":{"rendered":"http:\/\/www.ilstudio.hr\/lovorka\/?page_id=21"},"modified":"2025-03-31T00:04:21","modified_gmt":"2025-03-30T22:04:21","slug":"vodice","status":"publish","type":"page","link":"https:\/\/villa-lovorka.net\/de\/vodice\/","title":{"rendered":"Vodice"},"content":{"rendered":"<p><\/p>\n<h2 style=\"text-align: center;\"><span style=\"color: #993300;\">Vodice<\/span><\/h2>\n<p style=\"text-align: center;\"><img loading=\"lazy\" class=\"aligncenter wp-image-617\" src=\"http:\/\/villa-lovorka.net\/wp-content\/uploads\/2017\/12\/vodica-nocu-300x94.jpg\" alt=\"\" width=\"440\" height=\"138\" srcset=\"https:\/\/villa-lovorka.net\/wp-content\/uploads\/2017\/12\/vodica-nocu-300x94.jpg 300w, https:\/\/villa-lovorka.net\/wp-content\/uploads\/2017\/12\/vodica-nocu-768x240.jpg 768w, https:\/\/villa-lovorka.net\/wp-content\/uploads\/2017\/12\/vodica-nocu.jpg 1000w\" sizes=\"(max-width: 440px) 100vw, 440px\" \/><\/p>\n<h3 style=\"text-align: center;\"><span id=\"result_box\" class=\"short_text\" lang=\"de\" style=\"color: #993300;\"><span class=\"\">Lebt<\/span> vom Tourismus, lebt f\u00fcr den Tourismus!<\/span><\/h3>\n<div class=\"span8\">\n<p><span style=\"color: #993300;\">Geschichte von Vodice<\/span><\/p>\n<\/div>\n<p><span class=\"HwtZe\" lang=\"de\"><span class=\"jCAhz ChMk0b\"><span class=\"ryNqvb\">Geschichte von Vodice Dieses Gebiet war in der Antike unter dem Namen Arausa bewohnt. Die Erw\u00e4hnung von Vodice ist mit dem Beginn des Baus der Kirche des Heiligen Kreuzes in der N\u00e4he des heutigen Hotels Punta im Jahr 1402 verbunden, die auch heute noch in den Sommermonaten in Betrieb ist.\u00a0 Zu dieser Zeit und auch sp\u00e4ter, in der turbulenten Vergangenheit, waren die Menschen in Vodice Bauern, ebenso wie die Bewohner der umliegenden Siedlungen. Doch in einer Hinsicht war Vodice ein Ph\u00e4nomen: Bis zum Ende des 19. Jahrhunderts exportierte die Stadt Trinkwasser. Schlie\u00dflich haben sie sich genau an diesem Ort entwickelt und ihren Namen dem Wasser verdanken, dank der unersch\u00f6pflichen Trinkwasserquellen und der zahlreichen Brunnen, die die Menschen auf ihren L\u00e4ndereien nutzten. Heute sind auf dem Hauptplatz der Stadt zwei \u00f6ffentliche Brunnen als Erinnerung an Tradition und alte Br\u00e4uche erhalten geblieben. Der Brunnen war nicht nur ein Ort, wo die Menschen Trinkwasser holten und Kleidung wuschen, hier fanden auch alle gesellschaftlichen Ereignisse statt, hier wurden Lieben geboren und Ehen arrangiert, hier wurde getanzt und gesungen.<\/span><\/span><\/span><\/p>\n<p><span class=\"HwtZe\" lang=\"de\"><span class=\"jCAhz ChMk0b\"><span class=\"ryNqvb\">Heute ist Vodice ein ber\u00fchmtes Touristenzentrum, eines der ber\u00fchmtesten im mittleren Teil der Adria. Und das ist kein Zufall, denn Vodice hat sich bereits vor 60 Jahren f\u00fcr den Tourismus entschieden. Vodice hat heute 10.000 Einwohner und ist ein Touristenzentrum, das f\u00fcr seine Lebendigkeit, sein vielf\u00e4ltiges touristisches Angebot und seine freundlichen Gastgeber bekannt ist. Die Menschen f\u00fchlen sich hier sicher und frei.<\/span><\/span><\/span><\/p>\n<p><span class=\"HwtZe\" lang=\"de\"><span class=\"jCAhz ChMk0b\"><span class=\"ryNqvb\"> Weitere Informationen zur Geschichte von Vodice finden Sie auf der Website unseres Tourismusverbandes Vodice:<\/span><\/span><\/span><\/p>\n<p><span class=\"HwtZe\" lang=\"de\"><span class=\"jCAhz ChMk0b\"><span class=\"ryNqvb\"> https:\/\/www.vodice.hr\/hr\/o-vodicema\/povijest-vodica<\/span><\/span><\/span><\/p>\n<div class=\"span8\">\n<p><a href=\"http:\/\/villa-lovorka.net\/wp-content\/uploads\/2018\/03\/IMG_2880-MALO-SMANJENA.jpg\" data-rel=\"lightbox-3\" title=\"\"><br \/>\n<img loading=\"lazy\" class=\"size-medium wp-image-724 alignleft\" src=\"http:\/\/villa-lovorka.net\/wp-content\/uploads\/2018\/03\/IMG_2880-MALO-SMANJENA-225x300.jpg\" alt=\"\" width=\"225\" height=\"300\" srcset=\"https:\/\/villa-lovorka.net\/wp-content\/uploads\/2018\/03\/IMG_2880-MALO-SMANJENA-225x300.jpg 225w, https:\/\/villa-lovorka.net\/wp-content\/uploads\/2018\/03\/IMG_2880-MALO-SMANJENA-768x1024.jpg 768w, https:\/\/villa-lovorka.net\/wp-content\/uploads\/2018\/03\/IMG_2880-MALO-SMANJENA.jpg 1500w\" sizes=\"(max-width: 225px) 100vw, 225px\" \/><\/a><\/p>\n<p><a href=\"http:\/\/villa-lovorka.net\/wp-content\/uploads\/2018\/03\/VODICE-VELIKI-I-MALI-PORAT-ACI-MARINA.jpg\" data-rel=\"lightbox-1\" title=\"\"><img loading=\"lazy\" class=\"size-medium wp-image-654 alignright\" src=\"http:\/\/villa-lovorka.net\/wp-content\/uploads\/2018\/03\/VODICE-VELIKI-I-MALI-PORAT-ACI-MARINA-300x225.jpg\" alt=\"\" width=\"300\" height=\"225\" srcset=\"https:\/\/villa-lovorka.net\/wp-content\/uploads\/2018\/03\/VODICE-VELIKI-I-MALI-PORAT-ACI-MARINA-300x225.jpg 300w, https:\/\/villa-lovorka.net\/wp-content\/uploads\/2018\/03\/VODICE-VELIKI-I-MALI-PORAT-ACI-MARINA-768x576.jpg 768w, https:\/\/villa-lovorka.net\/wp-content\/uploads\/2018\/03\/VODICE-VELIKI-I-MALI-PORAT-ACI-MARINA-1024x768.jpg 1024w\" sizes=\"(max-width: 300px) 100vw, 300px\" \/><\/a><\/p>\n<div class=\"span8\">\n<p>&nbsp;<\/p>\n<p><span style=\"color: #993300;\">Lage und Klima<\/span><\/p>\n<div class=\"fb-like\" data-href=\"https:\/\/www.vodice.hr\/de\/uber-vodice\/lage-und-klima\" data-layout=\"button_count\" data-action=\"like\" data-show-faces=\"true\" data-share=\"true\">Vodice befindet sich an der K\u00fcste, 11 km nordwestlich von \u0160ibenik, dem Zentrum der Gespanschaft \u0160ibenik-Knin. Entfernung zur Autobahn betr\u00e4gt 11 km, Entfernung zum Flughafen Zadar und Split ist weniger als eine Autostunde entfernt.<\/div>\n<p style=\"text-align: left;\">\n<\/div>\n<\/div>\n<p>&nbsp;<\/p>\n<p>\n\t\t<style type=\"text\/css\">\n\t\t\t#gallery-3 {\n\t\t\t\tmargin: auto;\n\t\t\t}\n\t\t\t#gallery-3 .gallery-item {\n\t\t\t\tfloat: left;\n\t\t\t\tmargin-top: 10px;\n\t\t\t\ttext-align: center;\n\t\t\t\twidth: 25%;\n\t\t\t}\n\t\t\t#gallery-3 img {\n\t\t\t\tborder: 2px solid #cfcfcf;\n\t\t\t}\n\t\t\t#gallery-3 .gallery-caption {\n\t\t\t\tmargin-left: 0;\n\t\t\t}\n\t\t\t\/* see gallery_shortcode() in wp-includes\/media.php *\/\n\t\t<\/style>\n\t\t<div id='gallery-3' class='gallery galleryid-21 gallery-columns-4 gallery-size-thumbnail'><dl class='gallery-item'>\n\t\t\t<dt class='gallery-icon landscape'>\n\t\t\t\t<a href='https:\/\/villa-lovorka.net\/wp-content\/uploads\/2017\/12\/crkvica.jpg' data-rel=\"lightbox-gallery-3\"><img width=\"290\" height=\"175\" src=\"https:\/\/villa-lovorka.net\/wp-content\/uploads\/2017\/12\/crkvica-290x175.jpg\" class=\"attachment-thumbnail size-thumbnail\" alt=\"\" loading=\"lazy\" \/><\/a>\n\t\t\t<\/dt><\/dl><dl class='gallery-item'>\n\t\t\t<dt class='gallery-icon landscape'>\n\t\t\t\t<a href='https:\/\/villa-lovorka.net\/wp-content\/uploads\/2017\/12\/vodice-1.jpg' data-rel=\"lightbox-gallery-3\"><img width=\"290\" height=\"175\" src=\"https:\/\/villa-lovorka.net\/wp-content\/uploads\/2017\/12\/vodice-1-290x175.jpg\" class=\"attachment-thumbnail size-thumbnail\" alt=\"\" loading=\"lazy\" \/><\/a>\n\t\t\t<\/dt><\/dl><dl class='gallery-item'>\n\t\t\t<dt class='gallery-icon landscape'>\n\t\t\t\t<a href='https:\/\/villa-lovorka.net\/wp-content\/uploads\/2017\/12\/vodice-2.jpg' data-rel=\"lightbox-gallery-3\"><img width=\"290\" height=\"175\" src=\"https:\/\/villa-lovorka.net\/wp-content\/uploads\/2017\/12\/vodice-2-290x175.jpg\" class=\"attachment-thumbnail size-thumbnail\" alt=\"\" loading=\"lazy\" \/><\/a>\n\t\t\t<\/dt><\/dl><dl class='gallery-item'>\n\t\t\t<dt class='gallery-icon landscape'>\n\t\t\t\t<a href='https:\/\/villa-lovorka.net\/wp-content\/uploads\/2017\/12\/vodice-riva.jpg' data-rel=\"lightbox-gallery-3\"><img width=\"290\" height=\"175\" src=\"https:\/\/villa-lovorka.net\/wp-content\/uploads\/2017\/12\/vodice-riva-290x175.jpg\" class=\"attachment-thumbnail size-thumbnail\" alt=\"\" loading=\"lazy\" \/><\/a>\n\t\t\t<\/dt><\/dl><br style=\"clear: both\" \/>\n\t\t<\/div>\n<\/p>","protected":false},"excerpt":{"rendered":"<p>Vodice Lebt vom Tourismus, lebt f\u00fcr den Tourismus! Geschichte von Vodice Geschichte von Vodice Dieses Gebiet war in der Antike unter dem Namen Arausa bewohnt. Die Erw\u00e4hnung von Vodice ist mit dem Beginn des Baus der Kirche des Heiligen Kreuzes in der N\u00e4he des heutigen Hotels Punta im Jahr 1402 verbunden, die auch heute noch [&hellip;]<\/p>\n","protected":false},"author":1,"featured_media":393,"parent":0,"menu_order":0,"comment_status":"closed","ping_status":"closed","template":"page-fullwidth.php","meta":[],"_links":{"self":[{"href":"https:\/\/villa-lovorka.net\/de\/wp-json\/wp\/v2\/pages\/21"}],"collection":[{"href":"https:\/\/villa-lovorka.net\/de\/wp-json\/wp\/v2\/pages"}],"about":[{"href":"https:\/\/villa-lovorka.net\/de\/wp-json\/wp\/v2\/types\/page"}],"author":[{"embeddable":true,"href":"https:\/\/villa-lovorka.net\/de\/wp-json\/wp\/v2\/users\/1"}],"replies":[{"embeddable":true,"href":"https:\/\/villa-lovorka.net\/de\/wp-json\/wp\/v2\/comments?post=21"}],"version-history":[{"count":88,"href":"https:\/\/villa-lovorka.net\/de\/wp-json\/wp\/v2\/pages\/21\/revisions"}],"predecessor-version":[{"id":1017,"href":"https:\/\/villa-lovorka.net\/de\/wp-json\/wp\/v2\/pages\/21\/revisions\/1017"}],"wp:featuredmedia":[{"embeddable":true,"href":"https:\/\/villa-lovorka.net\/de\/wp-json\/wp\/v2\/media\/393"}],"wp:attachment":[{"href":"https:\/\/villa-lovorka.net\/de\/wp-json\/wp\/v2\/media?parent=21"}],"curies":[{"name":"wp","href":"https:\/\/api.w.org\/{rel}","templated":true}]}}