{"id":2,"date":"2017-01-16T21:48:48","date_gmt":"2017-01-16T20:48:48","guid":{"rendered":"http:\/\/www.ilstudio.hr\/lovorka\/?page_id=2"},"modified":"2025-05-25T23:31:26","modified_gmt":"2025-05-25T21:31:26","slug":"home","status":"publish","type":"page","link":"https:\/\/villa-lovorka.net\/de\/","title":{"rendered":"Home"},"content":{"rendered":"<p><\/p>\n<div class=\"top-box\" style=\"text-align: center;\">\n<h1><\/h1>\n<h1><\/h1>\n<h1 style=\"text-align: center;\">\u00a0Villa Lovorka<\/h1>\n<h1 style=\"text-align: center;\"><span id=\"result_box\" class=\"short_text\" lang=\"de\"><span class=\"\">Apartments am<\/span> <span class=\"\">Meer<\/span><\/span><\/h1>\n<p><span class=\"HwtZe\" lang=\"de\"><span class=\"jCAhz ChMk0b\"><span class=\"ryNqvb\">Nehmen Sie sich etwas Zeit f\u00fcr sich selbst, genie\u00dfen Sie die Sonne der Adria und erleben Sie die Farben, Kl\u00e4nge und Ger\u00fcche des Mittelmeers.<\/span><\/span> <span class=\"jCAhz ChMk0b\"><span class=\"ryNqvb\">Beobachten Sie in einer ruhigen Nacht die Sterne \u00fcber dem Meer, entspannen Sie, g\u00f6nnen Sie sich einen erholsamen Schlaf. <\/span><\/span><\/span><span class=\"HwtZe\" lang=\"de\"><span class=\"jCAhz ChMk0b\"><span class=\"ryNqvb\">Machen Sie eine<\/span><\/span><\/span><\/p>\n<\/div>\n<div class=\"top-box\" style=\"text-align: center;\"><span class=\"HwtZe\" lang=\"de\"><span class=\"jCAhz ChMk0b\"><span class=\"ryNqvb\">Spaziergang, lernen Sie unsere Umgebung, unser historisches Erbe und die Gastronomie kennen, haben Sie Spa\u00df, lernen Sie etwas Neues.<\/span><\/span><\/span><\/div>\n<div><\/div>\n<div class=\"top-box\" style=\"text-align: center;\">\n<p>&nbsp;<\/p>\n<p>&nbsp;<\/p>\n<p><span class=\"HwtZe\" lang=\"de\"><span class=\"jCAhz ChMk0b\"><span class=\"ryNqvb\">WILLKOMMEN IN UNSEREM APPARTEMENTHAUS!<\/span><\/span><\/span><\/p>\n<div class=\"lRu31\" dir=\"ltr\">\n<div class=\"OvtS8d\"><\/div>\n<div id=\"ow122\"><\/div>\n<\/div>\n<div class=\"UdTY9 WdefRb\" aria-hidden=\"true\" data-location=\"2\">\n<div class=\"kO6q6e\"><\/div>\n<\/div>\n<\/div>\n<div id=\"gg_car_143\" class=\"gg_carousel_wrap gg_gallery_wrap gg_car_preload gg_car_light gg_slick_has_arrows   gg_hidden_ol gg_ol_bottom_mode gg_main_ol_show_on_h\" ggom_fx=\"\" ggom_timing=\"300\">  <section class=\"gg_car_item_wrap\">  <div gg-url=\"https:\/\/villa-lovorka.net\/wp-content\/uploads\/2017\/01\/villa-lovorka-9.jpg\" gg-title=\"villa-lovorka-9\" class=\"gg_img gg_car_item \" gg-author=\"\" gg-descr=\"\" rel=\"143\" style=\"height: 130px;\"><div class=\"gg_img_inner\">  <div class=\"gg_main_img_wrap\">  <img src=\"\/\/villa-lovorka.net\/wp-content\/uploads\/ewpt_cache\/588x588_100_3_c_FFFFFF_d578329e09404eed36491f73fc2d56f4_villa-lovorka-9.jpg\" alt=\"villa-lovorka-9\" class=\"gg_photo gg_main_thumb\" \/>  <noscript><img src=\"https:\/\/villa-lovorka.net\/wp-content\/uploads\/2017\/01\/villa-lovorka-9.jpg\" alt=\"villa-lovorka-9\" \/><\/noscript>  <\/div>  <div class=\"gg_overlays\"><\/div>  <\/div><\/div>  <\/section>  <section class=\"gg_car_item_wrap\">  <div gg-url=\"\" gg-title=\"villa-lovorka-22\" class=\"gg_img gg_car_item \" gg-author=\"\" gg-descr=\"\" rel=\"143\" style=\"height: 130px;\"><div class=\"gg_img_inner\">  <div class=\"gg_main_img_wrap\">  <img src=\"thumb creation failed\" alt=\"villa-lovorka-22\" class=\"gg_photo gg_main_thumb\" \/>  <noscript><img src=\"\" alt=\"villa-lovorka-22\" \/><\/noscript>  <\/div>  <div class=\"gg_overlays\"><\/div>  <\/div><\/div>  <\/section>  <section class=\"gg_car_item_wrap\">  <div gg-url=\"\" gg-title=\"villa-lovorka-21\" class=\"gg_img gg_car_item \" gg-author=\"\" gg-descr=\"\" rel=\"143\" style=\"height: 130px;\"><div class=\"gg_img_inner\">  <div class=\"gg_main_img_wrap\">  <img src=\"thumb creation failed\" alt=\"villa-lovorka-21\" class=\"gg_photo gg_main_thumb\" \/>  <noscript><img src=\"\" alt=\"villa-lovorka-21\" \/><\/noscript>  <\/div>  <div class=\"gg_overlays\"><\/div>  <\/div><\/div>  <\/section>  <section class=\"gg_car_item_wrap\">  <div gg-url=\"https:\/\/villa-lovorka.net\/wp-content\/uploads\/2017\/01\/villa-lovorka-15.jpg\" gg-title=\"villa-lovorka-15\" class=\"gg_img gg_car_item \" gg-author=\"\" gg-descr=\"\" rel=\"143\" style=\"height: 130px;\"><div class=\"gg_img_inner\">  <div class=\"gg_main_img_wrap\">  <img src=\"\/\/villa-lovorka.net\/wp-content\/uploads\/ewpt_cache\/588x588_100_3_c_FFFFFF_e2d1f50f70f2c34354bbf7548de3c237_villa-lovorka-15.jpg\" alt=\"villa-lovorka-15\" class=\"gg_photo gg_main_thumb\" \/>  <noscript><img src=\"https:\/\/villa-lovorka.net\/wp-content\/uploads\/2017\/01\/villa-lovorka-15.jpg\" alt=\"villa-lovorka-15\" \/><\/noscript>  <\/div>  <div class=\"gg_overlays\"><\/div>  <\/div><\/div>  <\/section>  <section class=\"gg_car_item_wrap\">  <div gg-url=\"\" gg-title=\"villa-lovorka-13\" class=\"gg_img gg_car_item \" gg-author=\"\" gg-descr=\"\" rel=\"143\" style=\"height: 130px;\"><div class=\"gg_img_inner\">  <div class=\"gg_main_img_wrap\">  <img src=\"thumb creation failed\" alt=\"villa-lovorka-13\" class=\"gg_photo gg_main_thumb\" \/>  <noscript><img src=\"\" alt=\"villa-lovorka-13\" \/><\/noscript>  <\/div>  <div class=\"gg_overlays\"><\/div>  <\/div><\/div>  <\/section>  <section class=\"gg_car_item_wrap\">  <div gg-url=\"https:\/\/villa-lovorka.net\/wp-content\/uploads\/2017\/01\/villa-lovorka-6-1.jpg\" gg-title=\"villa-lovorka-6\" class=\"gg_img gg_car_item \" gg-author=\"\" gg-descr=\"\" rel=\"143\" style=\"height: 130px;\"><div class=\"gg_img_inner\">  <div class=\"gg_main_img_wrap\">  <img src=\"\/\/villa-lovorka.net\/wp-content\/uploads\/ewpt_cache\/588x588_100_3_c_FFFFFF_da2d38d1ac9f8e7c4621d0a6f3fcc35d_villa-lovorka-6-1.jpg\" alt=\"villa-lovorka-6\" class=\"gg_photo gg_main_thumb\" \/>  <noscript><img src=\"https:\/\/villa-lovorka.net\/wp-content\/uploads\/2017\/01\/villa-lovorka-6-1.jpg\" alt=\"villa-lovorka-6\" \/><\/noscript>  <\/div>  <div class=\"gg_overlays\"><\/div>  <\/div><\/div>  <\/section>  <section class=\"gg_car_item_wrap\">  <div gg-url=\"\" gg-title=\"villa-lovorka-5\" class=\"gg_img gg_car_item \" gg-author=\"\" gg-descr=\"\" rel=\"143\" style=\"height: 130px;\"><div class=\"gg_img_inner\">  <div class=\"gg_main_img_wrap\">  <img src=\"thumb creation failed\" alt=\"villa-lovorka-5\" class=\"gg_photo gg_main_thumb\" \/>  <noscript><img src=\"\" alt=\"villa-lovorka-5\" \/><\/noscript>  <\/div>  <div class=\"gg_overlays\"><\/div>  <\/div><\/div>  <\/section>  <section class=\"gg_car_item_wrap\">  <div gg-url=\"\" gg-title=\"villa-lovorka-4\" class=\"gg_img gg_car_item \" gg-author=\"\" gg-descr=\"\" rel=\"143\" style=\"height: 130px;\"><div class=\"gg_img_inner\">  <div class=\"gg_main_img_wrap\">  <img src=\"thumb creation failed\" alt=\"villa-lovorka-4\" class=\"gg_photo gg_main_thumb\" \/>  <noscript><img src=\"\" alt=\"villa-lovorka-4\" \/><\/noscript>  <\/div>  <div class=\"gg_overlays\"><\/div>  <\/div><\/div>  <\/section><\/div><script type=\"text\/javascript\">jQuery(document).ready(function(){jQuery(\"#gg_car_143\").slick({infinite: true , slidesToShow: 4 , slidesToScroll: 1 , centerMode: false , rows: 1 , arrows: true , dots: true,lazyLoad: \"progressive\",respondTo: \"slider\",responsive: [{  breakpoint: 480,  settings: {slidesToShow: 1,slidesToScroll: 1  }}],  });  gg_carousel_preload(143, false);});<\/script>\n<p>&nbsp;<\/p>\n<p>&nbsp;<\/p>\n<p>&nbsp;<\/p>\n<style type=\"text\/css\">\n\t<!-- @page { margin: 2cm } P { margin-bottom: 0.21cm } --><br \/>\t<\/style>\n<p><span class=\"HwtZe\" lang=\"de\"><span class=\"jCAhz ChMk0b\"><span class=\"ryNqvb\">\u201eVilla Lovorka\u201c verf\u00fcgt \u00fcber 7 Apartments, die mit drei Sternen und dem Label \u201eLike HOME\u201c des Qualit\u00e4tsclubs f\u00fcr Familienunterk\u00fcnfte ausgezeichnet sind.<\/span><\/span><\/span><\/p>\n<p>Die Apartments sind in verschiedenen Gr\u00f6\u00dfen. Alle haben einen Vorraum, ein bzw. zwei Schlafzimmer, ein Badezimmer mit Dusche, ein Wohn-Kochbereich-Esszimmer mit ausgestatteter K\u00fcche. Dazu kommen ein Sofa, Sat Tv, Internet und ein eigener gro\u00dfer Balkon mit einem sch\u00f6nen Blick zum Meer oder in die umliegende Natur. <span class=\"HwtZe\" lang=\"de\"><span class=\"jCAhz ChMk0b\"><span class=\"ryNqvb\">Das kristallklare Meer und der Kieselstrand sowie die Mole und Bojen liegen nur 90 m entfernt, direkt vor dem Haus.<\/span><\/span><\/span><\/p>\n<p><span lang=\"de-DE\">Nach Bedarf stehen zus\u00e4tzlich eine Waschmaschine, eine Eisw\u00fcrfelmaschine,<span class=\"HwtZe\" lang=\"de\"><span class=\"jCAhz ChMk0b\"><span class=\"ryNqvb\"> und im Au\u00dfenbereich gibt es einen Grill mit Sitzgelegenheiten und einen Garten<\/span><\/span><\/span><\/span><span lang=\"de-DE\"> zur Verf\u00fcgung.<\/span><\/p>\n<p>Vorhanden ist ein gro\u00dfer und sicherer, hauseigener Trailer- und Autoparkplatz.<\/p>\n<div class=\"lRu31\" dir=\"ltr\"><span class=\"HwtZe\" lang=\"de\"><span class=\"jCAhz ChMk0b\"><span class=\"ryNqvb\">Wir sind eine Familie, ortsans\u00e4ssige Vermieter, die die Apartments der Villa Lovorka seit dem Jahr 2000 betreiben.<\/span><\/span> <span class=\"jCAhz ChMk0b\"><span class=\"ryNqvb\">Wir legen gro\u00dfen Wert auf Sauberkeit, Ordnung und ein Gef\u00fchl der Privatsph\u00e4re der G\u00e4ste.<\/span><\/span> <span class=\"jCAhz ChMk0b\"><span class=\"ryNqvb\">Wir versuchen, mit der Zeit Schritt zu halten und gleichzeitig unsere Kultur und Br\u00e4uche zu sch\u00e4tzen.<\/span><\/span> <span class=\"jCAhz ChMk0b\"><span class=\"ryNqvb\">Lernen Sie sie kennen und werden Sie Teil unserer Community.<\/span><\/span><\/span><\/div>\n<div class=\"lRu31\" dir=\"ltr\">\n<p><span class=\"HwtZe\" lang=\"de\"> <span class=\"jCAhz ChMk0b\"><span class=\"ryNqvb\">Wir sprechen Deutsch und Englisch, verstehen Italienisch, Franz\u00f6sisch<\/span><\/span><\/span><\/p>\n<div class=\"OvtS8d\"><\/div>\n<div id=\"ow162\"><\/div>\n<\/div>\n<div class=\"UdTY9 WdefRb\" aria-hidden=\"true\" data-location=\"2\">\n<div class=\"kO6q6e\"><\/div>\n<\/div>\n<div class=\"XL3Kf XExWNc\">\n<div class=\"a8FIud X0rvP\">\n<div data-show-delay-ms=\"250\" data-append-to-body=\"false\" data-propagate-tooltip-mouseover-events=\"true\" data-anchor-corner=\"bottom-end\" data-enable-skip-handler=\"true\" data-popup-corner=\"top-end\">\n<div class=\"dig2sb\"><\/div>\n<\/div>\n<\/div>\n<\/div>\n<div class=\"XL3Kf XExWNc\">\n<div class=\"a8FIud X0rvP\">\n<div data-show-delay-ms=\"250\" data-append-to-body=\"false\" data-propagate-tooltip-mouseover-events=\"true\" data-anchor-corner=\"bottom-end\" data-enable-skip-handler=\"true\" data-popup-corner=\"top-end\"><\/div>\n<\/div>\n<\/div>\n<div class=\"ebT7ne VOLvac sMVRZe\">\n<div class=\"F0pQVc\"><\/div>\n<\/div>\n<div class=\"VO9ucd\">\n<div class=\"aJIq1d\" dir=\"ltr\" data-language-code=\"de\" data-language-name=\"njema\u010dki\" data-text=\"Wir sind eine Familie, die das Erdgeschoss des Hauses bewohnt und gerne f\u00fcr unsere G\u00e4ste da ist. Wir sprechen Deutsch und Englisch, verstehen Italienisch, Franz\u00f6sisch,\" data-crosslingual-hint=\"\" data-location=\"2\" data-enable-toggle-playback-speed=\"true\" data-results-count=\"1\" data-result-index=\"1\">\n<div class=\"m0Qfkd\"><\/div>\n<\/div>\n<\/div>\n<section class=\"tcvpb_section_tc\" style=\"padding-top:0px;\">\n\t\t\n\t\t<div class=\"tcvpb_section_content\"><div class=\"tcvpb_container\"><div class=\"tcvpb_column_tc_span6\">\n<\/div><div class=\"tcvpb_column_tc_span6\"><img src=\"http:\/\/villa-lovorka.net\/wp-content\/uploads\/2017\/01\/KARTA-HRVATSKE.jpg\" \/><\/div><\/div><\/div>\n\t\t\n\t\t\n\t<\/section>\n<section class=\"tcvpb_section_tc tcvpb-centered section_body_fullwidth\" style=\"padding-top:0px;background-color:rgb(245,245,220);\">\n\t\t\n\t\t<div class=\"tcvpb_section_content\"><div class=\"tcvpb_container\">\n<div class=\"tcvpb_column_tc_span12\">\n<h3>Merkmale:<\/h3>\n<style type=\"text\/css\">\n\t<!-- @page { margin: 2cm } P { margin-bottom: 0.21cm } --><br \/>\t<\/style>\n<p>erste Reihe am Meer<\/p>\n<p><span lang=\"de-DE\">gro\u00dfe separate Balkone<\/span><\/p>\n<p>wundervolle Aussicht auf Meer und Inseln<\/p>\n<p><span class=\"HwtZe\" lang=\"de\"><span class=\"jCAhz ChMk0b\"><span class=\"ryNqvb\">friedliche, ruhige Umgebung<\/span><\/span><\/span><\/p>\n<p>kostenloses Internet im ganzen Haus<\/p>\n<p>Grill und Garten<\/p>\n<p>sicherer, hauseigener Parkplatz f\u00fcr Autos und Trailer<\/p>\n<p>Boje f\u00fcrs Boot<\/p>\n<p><span class=\"HwtZe\" lang=\"de\"><span class=\"jCAhz ChMk0b\"><span class=\"ryNqvb\">Weitere Inhalte<\/span><\/span><\/span><\/p>\n<p><span class=\"HwtZe\" lang=\"de\"><span class=\"jCAhz ChMk0b\"><span class=\"ryNqvb\"> ganzj\u00e4hriger Tourismus<\/span><\/span><\/span><\/p>\n<p>&nbsp;<\/p>\n<p>&nbsp;<\/p>\n<p>&nbsp;<\/p>\n<\/div><\/div><\/div>\n\t\t\n\t\t\n\t<\/section><\/p>","protected":false},"excerpt":{"rendered":"<p>\u00a0Villa Lovorka Apartments am Meer Nehmen Sie sich etwas Zeit f\u00fcr sich selbst, genie\u00dfen Sie die Sonne der Adria und erleben Sie die Farben, Kl\u00e4nge und Ger\u00fcche des Mittelmeers. Beobachten Sie in einer ruhigen Nacht die Sterne \u00fcber dem Meer, entspannen Sie, g\u00f6nnen Sie sich einen erholsamen Schlaf. Machen Sie eine Spaziergang, lernen Sie unsere [&hellip;]<\/p>\n","protected":false},"author":1,"featured_media":0,"parent":0,"menu_order":0,"comment_status":"closed","ping_status":"open","template":"page-front-page-revolution.php","meta":[],"_links":{"self":[{"href":"https:\/\/villa-lovorka.net\/de\/wp-json\/wp\/v2\/pages\/2"}],"collection":[{"href":"https:\/\/villa-lovorka.net\/de\/wp-json\/wp\/v2\/pages"}],"about":[{"href":"https:\/\/villa-lovorka.net\/de\/wp-json\/wp\/v2\/types\/page"}],"author":[{"embeddable":true,"href":"https:\/\/villa-lovorka.net\/de\/wp-json\/wp\/v2\/users\/1"}],"replies":[{"embeddable":true,"href":"https:\/\/villa-lovorka.net\/de\/wp-json\/wp\/v2\/comments?post=2"}],"version-history":[{"count":177,"href":"https:\/\/villa-lovorka.net\/de\/wp-json\/wp\/v2\/pages\/2\/revisions"}],"predecessor-version":[{"id":1070,"href":"https:\/\/villa-lovorka.net\/de\/wp-json\/wp\/v2\/pages\/2\/revisions\/1070"}],"wp:attachment":[{"href":"https:\/\/villa-lovorka.net\/de\/wp-json\/wp\/v2\/media?parent=2"}],"curies":[{"name":"wp","href":"https:\/\/api.w.org\/{rel}","templated":true}]}}