{"id":112,"date":"2017-01-25T16:50:11","date_gmt":"2017-01-25T15:50:11","guid":{"rendered":"http:\/\/www.ilstudio.hr\/lovorka\/?page_id=112"},"modified":"2025-04-25T13:53:26","modified_gmt":"2025-04-25T11:53:26","slug":"apartmani","status":"publish","type":"page","link":"https:\/\/villa-lovorka.net\/de\/ferienwohnungen\/","title":{"rendered":"Ferienwohnungen"},"content":{"rendered":"<p>&nbsp;<\/p>\n<p><span class=\"HwtZe\" lang=\"de\"><span class=\"jCAhz ChMk0b\"><span class=\"ryNqvb\">Unsere Apartments in der Villa Lovorka verf\u00fcgen \u00fcber 3 Sterne und das G\u00fctesiegel \u201eLike home\u201c des Clubs f\u00fcr Familienunterk\u00fcnfte.<\/span><\/span> <span class=\"jCAhz ChMk0b\"><span class=\"ryNqvb\">Sie sind standardm\u00e4\u00dfig ausgestattet, komfortabel und verf\u00fcgen \u00fcber gro\u00dfz\u00fcgige Balkone f\u00fcr angenehme Entspannung in Ruhe.<\/span><\/span> <span class=\"jCAhz ChMk0b\"><span class=\"ryNqvb\">Die meisten Apartments bieten einen Panoramablick auf die Natur, das Meer und die Inseln.<\/span><\/span> <span class=\"jCAhz ChMk0b\"><span class=\"ryNqvb\">Direkt neben der neu gestalteten Promenade, die\u00a0 die St\u00e4dte Vodice und Tribunj verbindet.<\/span><\/span><\/span><\/p>\n<p><span class=\"HwtZe\" lang=\"de\"> <span class=\"jCAhz ChMk0b\"><span class=\"ryNqvb\">Unser gro\u00dfer Parkplatz, Bojen zum Anlegen von Booten, Nutzung von Fahrr\u00e4dern, Grill, Eismaschine und Waschmaschine sind nur ein Teil des Angebots ohne zus\u00e4tzliche Kosten.<\/span><\/span><\/span><\/p>\n<p><span class=\"HwtZe\" lang=\"de\"> <span class=\"jCAhz ChMk0b\"><span class=\"ryNqvb\">Wir wohnen das ganze Jahr \u00fcber im Haus und stehen Ihnen gerne mit Rat und Tat zur Seite, um Ihren Urlaub noch sch\u00f6ner zu machen.<\/span><\/span><\/span><\/p>\n<h2>Unterkunft f\u00fcr 2 Personen<\/h2>\n\n\t\t<ul id=\"filters\" class=\"portfolio_filter option-set clearfix\" data-option-key=\"filter\"><\/ul>\n\t\t<div id=\"dz_latest_portfolio\" class=\"clearfix\">\n\t\t\t<div class=\"portfolio_item portfolio_item_4 apartmani mali\">\n\t\t\t\t<div class=\"overlayed\">\n\t\t\t\t\t<img width=\"2200\" height=\"1652\" src=\"https:\/\/villa-lovorka.net\/wp-content\/uploads\/2017\/01\/IMG_0998.jpg\" class=\"attachment-post-thumbnail size-post-thumbnail wp-post-image\" alt=\"\" loading=\"lazy\" srcset=\"https:\/\/villa-lovorka.net\/wp-content\/uploads\/2017\/01\/IMG_0998.jpg 2200w, https:\/\/villa-lovorka.net\/wp-content\/uploads\/2017\/01\/IMG_0998-300x225.jpg 300w, https:\/\/villa-lovorka.net\/wp-content\/uploads\/2017\/01\/IMG_0998-1024x769.jpg 1024w, https:\/\/villa-lovorka.net\/wp-content\/uploads\/2017\/01\/IMG_0998-768x577.jpg 768w, https:\/\/villa-lovorka.net\/wp-content\/uploads\/2017\/01\/IMG_0998-1536x1153.jpg 1536w, https:\/\/villa-lovorka.net\/wp-content\/uploads\/2017\/01\/IMG_0998-2048x1538.jpg 2048w\" sizes=\"(max-width: 2200px) 100vw, 2200px\" \/>\n\t\t\t\t\t<a class=\"overlay\" href=\"https:\/\/villa-lovorka.net\/de\/apartments\/apartment-2\/\">\n\t\t\t\t\t\t<p class=\"overlay_title\">Apartment 2<\/p>\n\t\t\t\t\t<\/a>\n\t\t\t\t<\/div>\n\t\t\t<\/div><div class=\"portfolio_item portfolio_item_4 apartmani mali\">\n\t\t\t\t<div class=\"overlayed\">\n\t\t\t\t\t<img width=\"2500\" height=\"1667\" src=\"https:\/\/villa-lovorka.net\/wp-content\/uploads\/2017\/01\/IMG_0679.jpg\" class=\"attachment-post-thumbnail size-post-thumbnail wp-post-image\" alt=\"\" loading=\"lazy\" srcset=\"https:\/\/villa-lovorka.net\/wp-content\/uploads\/2017\/01\/IMG_0679.jpg 2500w, https:\/\/villa-lovorka.net\/wp-content\/uploads\/2017\/01\/IMG_0679-300x200.jpg 300w, https:\/\/villa-lovorka.net\/wp-content\/uploads\/2017\/01\/IMG_0679-1024x683.jpg 1024w, https:\/\/villa-lovorka.net\/wp-content\/uploads\/2017\/01\/IMG_0679-768x512.jpg 768w, https:\/\/villa-lovorka.net\/wp-content\/uploads\/2017\/01\/IMG_0679-1536x1024.jpg 1536w, https:\/\/villa-lovorka.net\/wp-content\/uploads\/2017\/01\/IMG_0679-2048x1366.jpg 2048w\" sizes=\"(max-width: 2500px) 100vw, 2500px\" \/>\n\t\t\t\t\t<a class=\"overlay\" href=\"https:\/\/villa-lovorka.net\/de\/apartments\/apartment-4\/\">\n\t\t\t\t\t\t<p class=\"overlay_title\">Apartment 4<\/p>\n\t\t\t\t\t<\/a>\n\t\t\t\t<\/div>\n\t\t\t<\/div><div class=\"portfolio_item portfolio_item_4 apartmani mali\">\n\t\t\t\t<div class=\"overlayed\">\n\t\t\t\t\t<img width=\"2200\" height=\"1652\" src=\"https:\/\/villa-lovorka.net\/wp-content\/uploads\/2017\/01\/12A.jpg\" class=\"attachment-post-thumbnail size-post-thumbnail wp-post-image\" alt=\"Popodnevno sunce na balkonu s pogledom na more iz apartmana broj 5 u Villa Lovorka\" loading=\"lazy\" srcset=\"https:\/\/villa-lovorka.net\/wp-content\/uploads\/2017\/01\/12A.jpg 2200w, https:\/\/villa-lovorka.net\/wp-content\/uploads\/2017\/01\/12A-300x225.jpg 300w, https:\/\/villa-lovorka.net\/wp-content\/uploads\/2017\/01\/12A-1024x769.jpg 1024w, https:\/\/villa-lovorka.net\/wp-content\/uploads\/2017\/01\/12A-768x577.jpg 768w, https:\/\/villa-lovorka.net\/wp-content\/uploads\/2017\/01\/12A-1536x1153.jpg 1536w, https:\/\/villa-lovorka.net\/wp-content\/uploads\/2017\/01\/12A-2048x1538.jpg 2048w\" sizes=\"(max-width: 2200px) 100vw, 2200px\" \/>\n\t\t\t\t\t<a class=\"overlay\" href=\"https:\/\/villa-lovorka.net\/de\/apartments\/apartment-5\/\">\n\t\t\t\t\t\t<p class=\"overlay_title\">Apartment 5<\/p>\n\t\t\t\t\t<\/a>\n\t\t\t\t<\/div>\n\t\t\t<\/div><div class=\"portfolio_item portfolio_item_4 apartmani mali\">\n\t\t\t\t<div class=\"overlayed\">\n\t\t\t\t\t<img width=\"2500\" height=\"1877\" src=\"https:\/\/villa-lovorka.net\/wp-content\/uploads\/2017\/01\/IMG_1042.jpg\" class=\"attachment-post-thumbnail size-post-thumbnail wp-post-image\" alt=\"\" loading=\"lazy\" srcset=\"https:\/\/villa-lovorka.net\/wp-content\/uploads\/2017\/01\/IMG_1042.jpg 2500w, https:\/\/villa-lovorka.net\/wp-content\/uploads\/2017\/01\/IMG_1042-300x225.jpg 300w, https:\/\/villa-lovorka.net\/wp-content\/uploads\/2017\/01\/IMG_1042-1024x769.jpg 1024w, https:\/\/villa-lovorka.net\/wp-content\/uploads\/2017\/01\/IMG_1042-768x577.jpg 768w, https:\/\/villa-lovorka.net\/wp-content\/uploads\/2017\/01\/IMG_1042-1536x1153.jpg 1536w, https:\/\/villa-lovorka.net\/wp-content\/uploads\/2017\/01\/IMG_1042-2048x1538.jpg 2048w\" sizes=\"(max-width: 2500px) 100vw, 2500px\" \/>\n\t\t\t\t\t<a class=\"overlay\" href=\"https:\/\/villa-lovorka.net\/de\/apartments\/apartment-7\/\">\n\t\t\t\t\t\t<p class=\"overlay_title\">Apartment 7<\/p>\n\t\t\t\t\t<\/a>\n\t\t\t\t<\/div>\n\t\t\t<\/div>\n\t\t<\/div>\n<h2>Unterkunft f\u00fcr 2-3 Personen<\/h2>\n\n\t\t<ul id=\"filters\" class=\"portfolio_filter option-set clearfix\" data-option-key=\"filter\"><\/ul>\n\t\t<div id=\"dz_latest_portfolio\" class=\"clearfix\">\n\t\t\t<div class=\"portfolio_item portfolio_item_4 apartmani srednji\">\n\t\t\t\t<div class=\"overlayed\">\n\t\t\t\t\t<img width=\"2560\" height=\"1922\" src=\"https:\/\/villa-lovorka.net\/wp-content\/uploads\/2017\/01\/IMG_2265-scaled.jpg\" class=\"attachment-post-thumbnail size-post-thumbnail wp-post-image\" alt=\"\" loading=\"lazy\" srcset=\"https:\/\/villa-lovorka.net\/wp-content\/uploads\/2017\/01\/IMG_2265-scaled.jpg 2560w, https:\/\/villa-lovorka.net\/wp-content\/uploads\/2017\/01\/IMG_2265-300x225.jpg 300w, https:\/\/villa-lovorka.net\/wp-content\/uploads\/2017\/01\/IMG_2265-1024x769.jpg 1024w, https:\/\/villa-lovorka.net\/wp-content\/uploads\/2017\/01\/IMG_2265-768x577.jpg 768w, https:\/\/villa-lovorka.net\/wp-content\/uploads\/2017\/01\/IMG_2265-1536x1153.jpg 1536w, https:\/\/villa-lovorka.net\/wp-content\/uploads\/2017\/01\/IMG_2265-2048x1538.jpg 2048w\" sizes=\"(max-width: 2560px) 100vw, 2560px\" \/>\n\t\t\t\t\t<a class=\"overlay\" href=\"https:\/\/villa-lovorka.net\/de\/apartments\/apartment-1\/\">\n\t\t\t\t\t\t<p class=\"overlay_title\">Apartment 1<\/p>\n\t\t\t\t\t<\/a>\n\t\t\t\t<\/div>\n\t\t\t<\/div><div class=\"portfolio_item portfolio_item_4 apartmani naslovnica srednji\">\n\t\t\t\t<div class=\"overlayed\">\n\t\t\t\t\t<img width=\"2560\" height=\"1922\" src=\"https:\/\/villa-lovorka.net\/wp-content\/uploads\/2017\/01\/IMG_1082-scaled.jpg\" class=\"attachment-post-thumbnail size-post-thumbnail wp-post-image\" alt=\"\" loading=\"lazy\" srcset=\"https:\/\/villa-lovorka.net\/wp-content\/uploads\/2017\/01\/IMG_1082-scaled.jpg 2560w, https:\/\/villa-lovorka.net\/wp-content\/uploads\/2017\/01\/IMG_1082-300x225.jpg 300w, https:\/\/villa-lovorka.net\/wp-content\/uploads\/2017\/01\/IMG_1082-1024x769.jpg 1024w, https:\/\/villa-lovorka.net\/wp-content\/uploads\/2017\/01\/IMG_1082-768x577.jpg 768w, https:\/\/villa-lovorka.net\/wp-content\/uploads\/2017\/01\/IMG_1082-1536x1153.jpg 1536w, https:\/\/villa-lovorka.net\/wp-content\/uploads\/2017\/01\/IMG_1082-2048x1537.jpg 2048w\" sizes=\"(max-width: 2560px) 100vw, 2560px\" \/>\n\t\t\t\t\t<a class=\"overlay\" href=\"https:\/\/villa-lovorka.net\/de\/apartments\/apartment-3\/\">\n\t\t\t\t\t\t<p class=\"overlay_title\">Apartment 3<\/p>\n\t\t\t\t\t<\/a>\n\t\t\t\t<\/div>\n\t\t\t<\/div>\n\t\t<\/div>\n<h2>Unterkunft f\u00fcr 4 Personen<\/h2>\n\n\t\t<ul id=\"filters\" class=\"portfolio_filter option-set clearfix\" data-option-key=\"filter\"><\/ul>\n\t\t<div id=\"dz_latest_portfolio\" class=\"clearfix\">\n\t\t\t<div class=\"portfolio_item portfolio_item_4 apartmani veliki\">\n\t\t\t\t<div class=\"overlayed\">\n\t\t\t\t\t<img width=\"2500\" height=\"1877\" src=\"https:\/\/villa-lovorka.net\/wp-content\/uploads\/2017\/01\/IMG_0760.jpg\" class=\"attachment-post-thumbnail size-post-thumbnail wp-post-image\" alt=\"\" loading=\"lazy\" srcset=\"https:\/\/villa-lovorka.net\/wp-content\/uploads\/2017\/01\/IMG_0760.jpg 2500w, https:\/\/villa-lovorka.net\/wp-content\/uploads\/2017\/01\/IMG_0760-300x225.jpg 300w, https:\/\/villa-lovorka.net\/wp-content\/uploads\/2017\/01\/IMG_0760-1024x769.jpg 1024w, https:\/\/villa-lovorka.net\/wp-content\/uploads\/2017\/01\/IMG_0760-768x577.jpg 768w, https:\/\/villa-lovorka.net\/wp-content\/uploads\/2017\/01\/IMG_0760-1536x1153.jpg 1536w, https:\/\/villa-lovorka.net\/wp-content\/uploads\/2017\/01\/IMG_0760-2048x1538.jpg 2048w\" sizes=\"(max-width: 2500px) 100vw, 2500px\" \/>\n\t\t\t\t\t<a class=\"overlay\" href=\"https:\/\/villa-lovorka.net\/de\/apartments\/apartment-6\/\">\n\t\t\t\t\t\t<p class=\"overlay_title\">Apartment  6<\/p>\n\t\t\t\t\t<\/a>\n\t\t\t\t<\/div>\n\t\t\t<\/div>\n\t\t<\/div>\n<p>&nbsp;<\/p>\n<div class=\"lRu31\" dir=\"ltr\"><span class=\"HwtZe\" lang=\"de\"><span class=\"jCAhz\"><span class=\"ryNqvb\">Im \u00dcbernachtungspreis inbegriffen:<\/span><\/span><\/span><\/div>\n<div class=\"lRu31\" dir=\"ltr\"><span class=\"HwtZe\" lang=\"de\"> <span class=\"jCAhz\"><span class=\"ryNqvb\">Bettw\u00e4sche (1\/Woche) <\/span><\/span> <\/span><\/div>\n<div class=\"lRu31\" dir=\"ltr\"><span class=\"HwtZe\" lang=\"de\"><span class=\"jCAhz ChMk0b\"><span class=\"ryNqvb\">Handt\u00fccher<\/span><\/span><\/span><\/div>\n<div class=\"lRu31\" dir=\"ltr\"><span class=\"HwtZe\" lang=\"de\"> <span class=\"jCAhz ChMk0b\"><span class=\"ryNqvb\">Fahrradnutzung <\/span><\/span><\/span><\/div>\n<div class=\"lRu31\" dir=\"ltr\"><span class=\"HwtZe\" lang=\"de\"> <span class=\"jCAhz ChMk0b\"><span class=\"ryNqvb\">Nutzung des Grills <\/span><\/span><\/span><\/div>\n<div class=\"lRu31\" dir=\"ltr\"><span class=\"HwtZe\" lang=\"de\"> <span class=\"jCAhz ChMk0b\"><span class=\"ryNqvb\">Strom- und Wasserkosten <\/span><\/span><\/span><\/div>\n<div class=\"lRu31\" dir=\"ltr\"><span class=\"HwtZe\" lang=\"de\"> <span class=\"jCAhz\"><span class=\"ryNqvb\">Wi-Fi Internetverbindung<\/span><\/span><\/span><\/div>\n<div class=\"lRu31\" dir=\"ltr\"><span class=\"HwtZe\" lang=\"de\"> <span class=\"jCAhz ChMk0b\"><span class=\"ryNqvb\">Kurtaxe<\/span><\/span><\/span><\/div>\n<div class=\"lRu31\" dir=\"ltr\"><span class=\"HwtZe\" lang=\"de\"> <span class=\"jCAhz ChMk0b\"><span class=\"ryNqvb\">Parken <\/span><\/span><\/span><\/div>\n<div class=\"lRu31\" dir=\"ltr\"><span class=\"HwtZe\" lang=\"de\"><span class=\"jCAhz ChMk0b\"><span class=\"ryNqvb\">Neben unserer Standardausstattung (Sat-TV, Kaffeemaschine, Wasserkocher, W\u00e4schest\u00e4nder)<\/span><\/span><\/span><\/div>\n<div class=\"lRu31\" dir=\"ltr\"><span class=\"HwtZe\" lang=\"de\"><span class=\"jCAhz ChMk0b\"><span class=\"ryNqvb\"> a<\/span><\/span><span class=\"jCAhz ChMk0b\"><span class=\"ryNqvb\">uf Wunsch stellen wir Ihnen zur Verf\u00fcgung:<\/span><\/span><\/span><\/div>\n<div class=\"lRu31\" dir=\"ltr\"><span class=\"HwtZe\" lang=\"de\"><span class=\"jCAhz ChMk0b\"><span class=\"ryNqvb\"> B\u00fcgeleisen, B\u00fcgelbrett, <\/span><\/span><\/span><span class=\"HwtZe\" lang=\"de\"><span class=\"jCAhz ChMk0b\"><span class=\"ryNqvb\">Toaster,Mixer, Haartrockner.<\/span><\/span><\/span><\/div>\n<div class=\"lRu31\" dir=\"ltr\"><span class=\"HwtZe\" lang=\"de\"> <span class=\"jCAhz ChMk0b\"><span class=\"ryNqvb\">Auch auf Ihre sonstigen W\u00fcnsche und Bed\u00fcrfnisse gehen wir im Rahmen unserer M\u00f6glichkeiten gerne ein.<\/span><\/span><\/span><\/div>\n<div class=\"lRu31\" dir=\"ltr\"><span class=\"HwtZe\" lang=\"de\"> <span class=\"jCAhz ChMk0b\"><span class=\"ryNqvb\">Im Erdgeschoss verf\u00fcgen wir neben einem Gemeinschaftsraum zum geselligen Beisammensein der G\u00e4ste auch \u00fcber eine Gep\u00e4ckaufbewahrung.<\/span><\/span><\/span><\/div>\n<div class=\"lRu31\" dir=\"ltr\"><span class=\"HwtZe\" lang=\"de\"> <span class=\"jCAhz ChMk0b\"><span class=\"ryNqvb\">Wir bieten die kostenlose Nutzung von: <\/span><\/span><\/span><\/div>\n<div class=\"lRu31\" dir=\"ltr\"><span class=\"HwtZe\" lang=\"de\"> <span class=\"jCAhz\"><span class=\"ryNqvb\">Waschmaschinen<\/span><\/span><\/span><\/div>\n<div class=\"lRu31\" dir=\"ltr\"><span class=\"HwtZe\" lang=\"de\"> <span class=\"jCAhz\"><span class=\"ryNqvb\">Eismaschine<\/span><\/span><\/span><\/div>\n<div class=\"lRu31\" dir=\"ltr\"><span class=\"HwtZe\" lang=\"de\"> <span class=\"jCAhz ChMk0b\"><span class=\"ryNqvb\">Tiefk\u00fchlk\u00fchlschrank (jede Wohnung hat eine eigene Schublade)<\/span><\/span><\/span><\/div>\n<div dir=\"ltr\"><\/div>\n<div class=\"lRu31\" dir=\"ltr\"><span class=\"HwtZe\" lang=\"de\"> <span class=\"jCAhz ChMk0b\"><span class=\"ryNqvb\">&#8211; Check-in ab 14:00 Uhr am Anreisetag<\/span><\/span><\/span><\/div>\n<div class=\"lRu31\" dir=\"ltr\"><span class=\"HwtZe\" lang=\"de\"> <span class=\"jCAhz ChMk0b\"><span class=\"ryNqvb\">&#8211; Check-out bis 9:00 Uhr am Abreisetag<\/span><\/span><\/span><\/div>\n<div class=\"lRu31\" dir=\"ltr\">\n<div class=\"OvtS8d\"><span class=\"HwtZe\" lang=\"de\"><span class=\"jCAhz ChMk0b\"><span class=\"ryNqvb\">Einen Tag vor der Anreise kann gepr\u00fcft werden, ob die M\u00f6glichkeit besteht, die Unterkunftseinheit vor 14.00 Uhr zu beziehen.<\/span><\/span><\/span><\/div>\n<div id=\"ow103\"><\/div>\n<\/div>\n<div class=\"UdTY9 WdefRb\" aria-hidden=\"true\" data-location=\"2\">\n<div class=\"kO6q6e\"><\/div>\n<\/div>\n<div class=\"XL3Kf XExWNc\">\n<div class=\"a8FIud X0rvP\">\n<div data-show-delay-ms=\"250\" data-append-to-body=\"false\" data-propagate-tooltip-mouseover-events=\"true\" data-anchor-corner=\"bottom-end\" data-enable-skip-handler=\"true\" data-popup-corner=\"top-end\">\n<div class=\"dig2sb\"><\/div>\n<\/div>\n<\/div>\n<\/div>\n<div class=\"XL3Kf XExWNc\">\n<div class=\"a8FIud X0rvP\">\n<div data-show-delay-ms=\"250\" data-append-to-body=\"false\" data-propagate-tooltip-mouseover-events=\"true\" data-anchor-corner=\"bottom-end\" data-enable-skip-handler=\"true\" data-popup-corner=\"top-end\"><\/div>\n<\/div>\n<\/div>\n<div class=\"ebT7ne VOLvac sMVRZe\">\n<div class=\"F0pQVc\"><\/div>\n<\/div>\n<div class=\"VO9ucd\">\n<div class=\"aJIq1d\" dir=\"ltr\" data-language-code=\"de\" data-language-name=\"njema\u010dki\" data-text=\"Im \u00dcbernachtungspreis inbegriffen: Bettw\u00e4sche (1\/Woche) Handt\u00fccher Fahrradnutzung Nutzung des Grills Strom- und Wasserkosten Wi-Fi Internetverbindung Kurtaxe Parken Neben unserer Standardausstattung (Sat-TV, Kaffeemaschine, Wasserkocher, W\u00e4schest\u00e4nder), Auf Wunsch stellen wir Ihnen zur Verf\u00fcgung: B\u00fcgeleisen, B\u00fcgelbrett, Toaster, Mixer, Haartrockner. Auch auf Ihre sonstigen W\u00fcnsche und Bed\u00fcrfnisse gehen wir im Rahmen unserer M\u00f6glichkeiten gerne ein. Im Erdgeschoss verf\u00fcgen wir neben einem Gemeinschaftsraum zum geselligen Beisammensein der G\u00e4ste auch \u00fcber eine Gep\u00e4ckaufbewahrung. Wir bieten die kostenlose Nutzung von: Waschmaschinen Eismaschine Tiefk\u00fchlk\u00fchlschrank (jede Wohnung hat eine eigene Schublade) - Check-in ab 14:00 Uhr am Anreisetag - Check-out bis 9:00 Uhr am Abreisetag\" data-crosslingual-hint=\"\" data-location=\"2\" data-enable-toggle-playback-speed=\"true\" data-results-count=\"1\" data-result-index=\"1\">\n<div class=\"m0Qfkd\"><\/div>\n<\/div>\n<\/div>\n<p>&nbsp;<\/p>","protected":false},"excerpt":{"rendered":"<p>&nbsp; Unsere Apartments in der Villa Lovorka verf\u00fcgen \u00fcber 3 Sterne und das G\u00fctesiegel \u201eLike home\u201c des Clubs f\u00fcr Familienunterk\u00fcnfte. Sie sind standardm\u00e4\u00dfig ausgestattet, komfortabel und verf\u00fcgen \u00fcber gro\u00dfz\u00fcgige Balkone f\u00fcr angenehme Entspannung in Ruhe. Die meisten Apartments bieten einen Panoramablick auf die Natur, das Meer und die Inseln. Direkt neben der neu gestalteten Promenade, [&hellip;]<\/p>\n","protected":false},"author":1,"featured_media":0,"parent":0,"menu_order":0,"comment_status":"closed","ping_status":"closed","template":"page-fullwidth.php","meta":[],"_links":{"self":[{"href":"https:\/\/villa-lovorka.net\/de\/wp-json\/wp\/v2\/pages\/112"}],"collection":[{"href":"https:\/\/villa-lovorka.net\/de\/wp-json\/wp\/v2\/pages"}],"about":[{"href":"https:\/\/villa-lovorka.net\/de\/wp-json\/wp\/v2\/types\/page"}],"author":[{"embeddable":true,"href":"https:\/\/villa-lovorka.net\/de\/wp-json\/wp\/v2\/users\/1"}],"replies":[{"embeddable":true,"href":"https:\/\/villa-lovorka.net\/de\/wp-json\/wp\/v2\/comments?post=112"}],"version-history":[{"count":53,"href":"https:\/\/villa-lovorka.net\/de\/wp-json\/wp\/v2\/pages\/112\/revisions"}],"predecessor-version":[{"id":1019,"href":"https:\/\/villa-lovorka.net\/de\/wp-json\/wp\/v2\/pages\/112\/revisions\/1019"}],"wp:attachment":[{"href":"https:\/\/villa-lovorka.net\/de\/wp-json\/wp\/v2\/media?parent=112"}],"curies":[{"name":"wp","href":"https:\/\/api.w.org\/{rel}","templated":true}]}}